{"id":47,"date":"2025-10-15T09:03:05","date_gmt":"2025-10-15T09:03:05","guid":{"rendered":"https:\/\/justine-terrien.ipac-angers.yt\/?page_id=47"},"modified":"2025-11-12T12:04:50","modified_gmt":"2025-11-12T12:04:50","slug":"soirees-dentreprises","status":"publish","type":"page","link":"https:\/\/justine-terrien.ipac-angers.yt\/index.php\/soirees-dentreprises\/","title":{"rendered":"SOIR\u00c9ES D&rsquo;ENTREPRISES"},"content":{"rendered":"\t\t<div data-elementor-type=\"wp-page\" data-elementor-id=\"47\" class=\"elementor elementor-47\">\n\t\t\t\t<div class=\"elementor-element elementor-element-32a27e6 e-flex e-con-boxed e-con e-parent\" data-id=\"32a27e6\" data-element_type=\"container\" data-e-type=\"container\" data-settings=\"{&quot;background_background&quot;:&quot;classic&quot;}\">\n\t\t\t\t\t<div class=\"e-con-inner\">\n\t\t\t\t<div class=\"elementor-element elementor-element-28f22c6 elementor-widget elementor-widget-text-editor\" data-id=\"28f22c6\" data-element_type=\"widget\" data-e-type=\"widget\" data-widget_type=\"text-editor.default\">\n\t\t\t\t\t\t\t\t\t<p>Soir\u00e9es d&rsquo;entreprises<\/p>\t\t\t\t\t\t\t\t<\/div>\n\t\t\t\t\t<\/div>\n\t\t\t\t<\/div>\n\t\t<div class=\"elementor-element elementor-element-39717a4 e-flex e-con-boxed e-con e-parent\" data-id=\"39717a4\" data-element_type=\"container\" data-e-type=\"container\">\n\t\t\t\t\t<div class=\"e-con-inner\">\n\t\t<div class=\"elementor-element elementor-element-75791e9 e-con-full e-flex e-con e-child\" data-id=\"75791e9\" data-element_type=\"container\" data-e-type=\"container\">\n\t\t\t\t<div class=\"elementor-element elementor-element-2d062d3 elementor-widget-divider--view-line elementor-widget elementor-widget-divider\" data-id=\"2d062d3\" data-element_type=\"widget\" data-e-type=\"widget\" data-widget_type=\"divider.default\">\n\t\t\t\t\t\t\t<div class=\"elementor-divider\">\n\t\t\t<span class=\"elementor-divider-separator\">\n\t\t\t\t\t\t<\/span>\n\t\t<\/div>\n\t\t\t\t\t\t<\/div>\n\t\t\t\t<\/div>\n\t\t<div class=\"elementor-element elementor-element-6e1ac64 e-con-full e-flex e-con e-child\" data-id=\"6e1ac64\" data-element_type=\"container\" data-e-type=\"container\">\n\t\t\t\t<div class=\"elementor-element elementor-element-10aade9 elementor-widget elementor-widget-text-editor\" data-id=\"10aade9\" data-element_type=\"widget\" data-e-type=\"widget\" data-widget_type=\"text-editor.default\">\n\t\t\t\t\t\t\t\t\t<h2 class=\"elementor-heading-title elementor-size-default elementor-inline-editing pen\" style=\"color: #dfbc4c; font-family: 'DM Sans', sans-serif; font-weight: 400; font-size: 22px; text-align: center;\" data-elementor-setting-key=\"title\" data-pen-placeholder=\"\u00c9crivez ici...\">SOIR\u00c9ES D&rsquo;ENTREPRISES DANS L&rsquo;OUEST DE LA FRANCE<\/h2>\t\t\t\t\t\t\t\t<\/div>\n\t\t\t\t<\/div>\n\t\t<div class=\"elementor-element elementor-element-09d3342 e-con-full e-flex e-con e-child\" data-id=\"09d3342\" data-element_type=\"container\" data-e-type=\"container\">\n\t\t\t\t<div class=\"elementor-element elementor-element-15f6395 elementor-widget-divider--view-line elementor-widget elementor-widget-divider\" data-id=\"15f6395\" data-element_type=\"widget\" data-e-type=\"widget\" data-widget_type=\"divider.default\">\n\t\t\t\t\t\t\t<div class=\"elementor-divider\">\n\t\t\t<span class=\"elementor-divider-separator\">\n\t\t\t\t\t\t<\/span>\n\t\t<\/div>\n\t\t\t\t\t\t<\/div>\n\t\t\t\t<\/div>\n\t\t\t\t\t<\/div>\n\t\t\t\t<\/div>\n\t\t<div class=\"elementor-element elementor-element-661543a e-flex e-con-boxed e-con e-parent\" data-id=\"661543a\" data-element_type=\"container\" data-e-type=\"container\">\n\t\t\t\t\t<div class=\"e-con-inner\">\n\t\t\t\t<div class=\"elementor-element elementor-element-c213ed9 elementor-widget elementor-widget-text-editor\" data-id=\"c213ed9\" data-element_type=\"widget\" data-e-type=\"widget\" data-widget_type=\"text-editor.default\">\n\t\t\t\t\t\t\t\t\t<p><strong>J&rsquo;ai \u00e9puis\u00e9 mon stock d&rsquo;id\u00e9es ! Comment surprendre et garantir la qualit\u00e9 de la soir\u00e9e ?&nbsp;<\/strong>Vous avez besoin&nbsp;<strong>d&rsquo;\u00e9changer dans un cadre festif, de marquer les esprits&nbsp;<\/strong>ou m\u00eame de&nbsp;<strong>l\u00e2cher prise&nbsp;<\/strong>lors d&rsquo;une belle soir\u00e9e d&rsquo;entreprise ?&nbsp;<strong>Le Val de Loire offre une diversit\u00e9 d&rsquo;exp\u00e9riences,&nbsp;<\/strong>des plus ancr\u00e9es dans le terroir au plus avant-gardistes, pour concocter une soir\u00e9e d&rsquo;entreprise inoubliable pour vos clients, collaborateurs ou prospects.&nbsp;<\/p>\n<p>C&rsquo;est au savoir-faire de Loire \u00c9v\u00e9nement de vous composer le bon mix : une&nbsp;<strong>animation de qualit\u00e9,&nbsp;<\/strong>un&nbsp;<strong>lieu enchanteur&nbsp;<\/strong>et des&nbsp;<strong>mets succulents<\/strong>, pour que vous puissiez, en toute d\u00e9contraction, vous concentrer sur vos invit\u00e9s et nouer des relations \u00e0 m\u00eame de vous enrichir humainement et professionnellement.&nbsp;<\/p>\n<p>Vous trouverez ici des id\u00e9es d&rsquo;animations originales pour une soir\u00e9e d&rsquo;entreprise inoubliable ! La diversit\u00e9 des solutions est telle que nous vous pr\u00e9sentons ici une s\u00e9lection de nos d\u00e9couvertes. Pour allez plus loin, <a href=\"https:\/\/justine-terrien.ipac-angers.yt\/index.php\/contact\/\">contactez-nous<\/a> pour concocter ensemble la soir\u00e9e qui marquera l&rsquo;histoire de votre entreprise !&nbsp;<\/p>\t\t\t\t\t\t\t\t<\/div>\n\t\t\t\t\t<\/div>\n\t\t\t\t<\/div>\n\t\t<div class=\"elementor-element elementor-element-d8b0b31 e-flex e-con-boxed e-con e-parent\" data-id=\"d8b0b31\" data-element_type=\"container\" data-e-type=\"container\">\n\t\t\t\t\t<div class=\"e-con-inner\">\n\t\t\t\t<div class=\"elementor-element elementor-element-192f7ca elementor-widget elementor-widget-text-editor\" data-id=\"192f7ca\" data-element_type=\"widget\" data-e-type=\"widget\" data-widget_type=\"text-editor.default\">\n\t\t\t\t\t\t\t\t\t<p><strong>INSPIRATION DE SOIR\u00c9ES D&rsquo;ENTREPRISES CL\u00c9 EN MAIN<\/strong><\/p>\t\t\t\t\t\t\t\t<\/div>\n\t\t\t\t\t<\/div>\n\t\t\t\t<\/div>\n\t\t<div class=\"elementor-element elementor-element-e23494c e-flex e-con-boxed e-con e-parent\" data-id=\"e23494c\" data-element_type=\"container\" data-e-type=\"container\" data-settings=\"{&quot;background_background&quot;:&quot;classic&quot;}\">\n\t\t\t\t\t<div class=\"e-con-inner\">\n\t\t<div class=\"elementor-element elementor-element-ecdfd16 e-con-full e-flex e-con e-child\" data-id=\"ecdfd16\" data-element_type=\"container\" data-e-type=\"container\">\n\t\t\t\t<div class=\"elementor-element elementor-element-7635b40 eael-infobox-content-align--center eael-infobox-shape-square eael-infobox-hover-img-shape-square elementor-widget elementor-widget-eael-info-box\" data-id=\"7635b40\" data-element_type=\"widget\" data-e-type=\"widget\" data-widget_type=\"eael-info-box.default\">\n\t\t\t\t\t        <div class=\"eael-infobox icon-on-top\">\n\t            <div class=\"infobox-icon\">\n\n                            <img decoding=\"async\" src=\"https:\/\/justine-terrien.ipac-angers.yt\/wp-content\/uploads\/2025\/11\/soiree-noel-entreprise7-1.jpg\" alt=\"\">\n            \n            \n            \n        <\/div>\n            <div class=\"infobox-content\">\n                    <div class=\"infobox-title-section\">\n                <h2 class=\"title\">DANS LES CH\u00c2TEAUX DE LA LOIRE<\/h2>            <\/div>\n            <div><p>La magie des f\u00eates de fin d&rsquo;ann\u00e9e.\u00a0<\/p><p><em>Anjou (49) \/ Touraine (37)<\/em><\/p><\/div>        <\/div>\n            <\/div>\n\n\t\t\t\t\t\t<\/div>\n\t\t\t\t<\/div>\n\t\t<div class=\"elementor-element elementor-element-ad98f34 e-con-full e-flex e-con e-child\" data-id=\"ad98f34\" data-element_type=\"container\" data-e-type=\"container\">\n\t\t\t\t<div class=\"elementor-element elementor-element-fe2bc2d eael-infobox-content-align--center eael-infobox-shape-square eael-infobox-hover-img-shape-square elementor-widget elementor-widget-eael-info-box\" data-id=\"fe2bc2d\" data-element_type=\"widget\" data-e-type=\"widget\" data-widget_type=\"eael-info-box.default\">\n\t\t\t\t\t        <div class=\"eael-infobox icon-on-top\">\n\t            <div class=\"infobox-icon\">\n\n                            <img decoding=\"async\" src=\"https:\/\/justine-terrien.ipac-angers.yt\/wp-content\/uploads\/2025\/11\/fresque-participative5.jpg\" alt=\"\">\n            \n            \n            \n        <\/div>\n            <div class=\"infobox-content\">\n                    <div class=\"infobox-title-section\">\n                <h2 class=\"title\">AU COEUR DES OEUVRES<\/h2>            <\/div>\n            <div><p>Une soir\u00e9e magique.\u00a0<\/p><p><em>Angers (49)<\/em><\/p><\/div>        <\/div>\n            <\/div>\n\n\t\t\t\t\t\t<\/div>\n\t\t\t\t<\/div>\n\t\t<div class=\"elementor-element elementor-element-31c0b2e e-con-full e-flex e-con e-child\" data-id=\"31c0b2e\" data-element_type=\"container\" data-e-type=\"container\">\n\t\t\t\t<div class=\"elementor-element elementor-element-992a177 eael-infobox-content-align--center eael-infobox-shape-square eael-infobox-hover-img-shape-square elementor-widget elementor-widget-eael-info-box\" data-id=\"992a177\" data-element_type=\"widget\" data-e-type=\"widget\" data-widget_type=\"eael-info-box.default\">\n\t\t\t\t\t        <div class=\"eael-infobox icon-on-top\">\n\t            <div class=\"infobox-icon\">\n\n                            <img decoding=\"async\" src=\"https:\/\/justine-terrien.ipac-angers.yt\/wp-content\/uploads\/2025\/11\/Soiree-Renaissance-.jpg\" alt=\"\">\n            \n            \n            \n        <\/div>\n            <div class=\"infobox-content\">\n                    <div class=\"infobox-title-section\">\n                <h2 class=\"title\">AU TEMPS DE LA RENAISSANCE<\/h2>            <\/div>\n            <div><p>Authenticit\u00e9 garantie<\/p><p><em>Touraine (37) \/ Loir-et-Cher (41) \/ Anjou (49)<\/em><\/p><\/div>        <\/div>\n            <\/div>\n\n\t\t\t\t\t\t<\/div>\n\t\t\t\t<\/div>\n\t\t<div class=\"elementor-element elementor-element-70bb79d e-con-full e-flex e-con e-child\" data-id=\"70bb79d\" data-element_type=\"container\" data-e-type=\"container\">\n\t\t\t\t<div class=\"elementor-element elementor-element-c3c6089 eael-infobox-content-align--center eael-infobox-shape-square eael-infobox-hover-img-shape-square elementor-widget elementor-widget-eael-info-box\" data-id=\"c3c6089\" data-element_type=\"widget\" data-e-type=\"widget\" data-widget_type=\"eael-info-box.default\">\n\t\t\t\t\t        <div class=\"eael-infobox icon-on-top\">\n\t            <div class=\"infobox-icon\">\n\n                            <img decoding=\"async\" src=\"https:\/\/justine-terrien.ipac-angers.yt\/wp-content\/uploads\/2025\/11\/chateau-angers4.jpg\" alt=\"\">\n            \n            \n            \n        <\/div>\n            <div class=\"infobox-content\">\n                    <div class=\"infobox-title-section\">\n                <h2 class=\"title\">SOIR\u00c9E AU CHATEAUX D'ANGERS<\/h2>            <\/div>\n            <div><p>Un lieu exceptionnel \u00e0 privatiser<\/p><p><em>Angers (49)<\/em><\/p><\/div>        <\/div>\n            <\/div>\n\n\t\t\t\t\t\t<\/div>\n\t\t\t\t<\/div>\n\t\t<div class=\"elementor-element elementor-element-3be464f e-con-full e-flex e-con e-child\" data-id=\"3be464f\" data-element_type=\"container\" data-e-type=\"container\">\n\t\t\t\t<div class=\"elementor-element elementor-element-6a21574 eael-infobox-content-align--center eael-infobox-shape-square eael-infobox-hover-img-shape-square elementor-widget elementor-widget-eael-info-box\" data-id=\"6a21574\" data-element_type=\"widget\" data-e-type=\"widget\" data-widget_type=\"eael-info-box.default\">\n\t\t\t\t\t        <div class=\"eael-infobox icon-on-top\">\n\t            <div class=\"infobox-icon\">\n\n                            <img decoding=\"async\" src=\"https:\/\/justine-terrien.ipac-angers.yt\/wp-content\/uploads\/2025\/11\/soiree-chateau-insolite.png\" alt=\"\">\n            \n            \n            \n        <\/div>\n            <div class=\"infobox-content\">\n                    <div class=\"infobox-title-section\">\n                <h2 class=\"title\">DANS UN CH\u00c2TEAU INSOLITE<\/h2>            <\/div>\n            <div><p>Un ch\u00e2teau hors du temps.\u00a0<\/p><p><em>Vienne (86)<\/em><\/p><\/div>        <\/div>\n            <\/div>\n\n\t\t\t\t\t\t<\/div>\n\t\t\t\t<\/div>\n\t\t<div class=\"elementor-element elementor-element-686d6e4 e-con-full e-flex e-con e-child\" data-id=\"686d6e4\" data-element_type=\"container\" data-e-type=\"container\">\n\t\t\t\t<div class=\"elementor-element elementor-element-a61da8a eael-infobox-content-align--center eael-infobox-shape-square eael-infobox-hover-img-shape-square elementor-widget elementor-widget-eael-info-box\" data-id=\"a61da8a\" data-element_type=\"widget\" data-e-type=\"widget\" data-widget_type=\"eael-info-box.default\">\n\t\t\t\t\t        <div class=\"eael-infobox icon-on-top\">\n\t            <div class=\"infobox-icon\">\n\n                            <img decoding=\"async\" src=\"https:\/\/justine-terrien.ipac-angers.yt\/wp-content\/uploads\/2025\/11\/chateau-royal-et-familial.jpg\" alt=\"\">\n            \n            \n            \n        <\/div>\n            <div class=\"infobox-content\">\n                    <div class=\"infobox-title-section\">\n                <h2 class=\"title\">DANS UN CH\u00c2TEAU ROYAL ET FAMILIAL<\/h2>            <\/div>\n            <div><p>Un lieu hors des sentiers battus.\u00a0<\/p><p><em>Touraine (37)<\/em><\/p><\/div>        <\/div>\n            <\/div>\n\n\t\t\t\t\t\t<\/div>\n\t\t\t\t<\/div>\n\t\t\t\t\t<\/div>\n\t\t\t\t<\/div>\n\t\t<div class=\"elementor-element elementor-element-eef237d e-flex e-con-boxed e-con e-parent\" data-id=\"eef237d\" data-element_type=\"container\" data-e-type=\"container\">\n\t\t\t\t\t<div class=\"e-con-inner\">\n\t\t\t\t<div class=\"elementor-element elementor-element-bf4aa5e elementor-widget elementor-widget-text-editor\" data-id=\"bf4aa5e\" data-element_type=\"widget\" data-e-type=\"widget\" data-widget_type=\"text-editor.default\">\n\t\t\t\t\t\t\t\t\t<p><strong>La Loire est notre fil conducteur<\/strong>, de Nantes \u00e0 Orl\u00e9ans en passant par Angers, Le Mans, Cholet, Saumur, Tours, Blois et sur tout le Grand Ouest, nous vous organisons votre soir\u00e9e d&rsquo;entreprise insolite, votre gala ou votre soir\u00e9e de fin d&rsquo;ann\u00e9e&#8230;<\/p><p><strong>A la recherche d&rsquo;animations pour vos soir\u00e9es d&rsquo;entreprise ?\u00a0<\/strong>Animations ludiques, pour petit groupe ou grande assembl\u00e9e, nous avons la solution que vous cherchez.\u00a0<a href=\"https:\/\/justine-terrien.ipac-angers.yt\/index.php\/contact\/\"><strong>Contactez-nous<\/strong><\/a> pour recevoir une offre personnalis\u00e9e.\u00a0<\/p>\t\t\t\t\t\t\t\t<\/div>\n\t\t\t\t\t<\/div>\n\t\t\t\t<\/div>\n\t\t<div class=\"elementor-element elementor-element-bee74a6 e-flex e-con-boxed e-con e-parent\" data-id=\"bee74a6\" data-element_type=\"container\" data-e-type=\"container\" data-settings=\"{&quot;background_background&quot;:&quot;classic&quot;}\">\n\t\t\t\t\t<div class=\"e-con-inner\">\n\t\t<div class=\"elementor-element elementor-element-2fb8730 e-con-full e-flex e-con e-child\" data-id=\"2fb8730\" data-element_type=\"container\" data-e-type=\"container\">\n\t\t\t\t<div class=\"elementor-element elementor-element-86f3eed elementor-view-default elementor-widget elementor-widget-icon\" data-id=\"86f3eed\" data-element_type=\"widget\" data-e-type=\"widget\" data-widget_type=\"icon.default\">\n\t\t\t\t\t\t\t<div class=\"elementor-icon-wrapper\">\n\t\t\t<div class=\"elementor-icon\">\n\t\t\t<svg aria-hidden=\"true\" class=\"e-font-icon-svg e-fas-cut\" viewBox=\"0 0 448 512\" xmlns=\"http:\/\/www.w3.org\/2000\/svg\"><path d=\"M278.06 256L444.48 89.57c4.69-4.69 4.69-12.29 0-16.97-32.8-32.8-85.99-32.8-118.79 0L210.18 188.12l-24.86-24.86c4.31-10.92 6.68-22.81 6.68-35.26 0-53.02-42.98-96-96-96S0 74.98 0 128s42.98 96 96 96c4.54 0 8.99-.32 13.36-.93L142.29 256l-32.93 32.93c-4.37-.61-8.83-.93-13.36-.93-53.02 0-96 42.98-96 96s42.98 96 96 96 96-42.98 96-96c0-12.45-2.37-24.34-6.68-35.26l24.86-24.86L325.69 439.4c32.8 32.8 85.99 32.8 118.79 0 4.69-4.68 4.69-12.28 0-16.97L278.06 256zM96 160c-17.64 0-32-14.36-32-32s14.36-32 32-32 32 14.36 32 32-14.36 32-32 32zm0 256c-17.64 0-32-14.36-32-32s14.36-32 32-32 32 14.36 32 32-14.36 32-32 32z\"><\/path><\/svg>\t\t\t<\/div>\n\t\t<\/div>\n\t\t\t\t\t\t<\/div>\n\t\t\t\t<div class=\"elementor-element elementor-element-ede59c6 elementor-widget elementor-widget-text-editor\" data-id=\"ede59c6\" data-element_type=\"widget\" data-e-type=\"widget\" data-widget_type=\"text-editor.default\">\n\t\t\t\t\t\t\t\t\t<p><strong>UNE OFFRE SUR MESURE<\/strong><\/p>\t\t\t\t\t\t\t\t<\/div>\n\t\t\t\t<\/div>\n\t\t<div class=\"elementor-element elementor-element-c51ec4a e-con-full e-flex e-con e-child\" data-id=\"c51ec4a\" data-element_type=\"container\" data-e-type=\"container\">\n\t\t\t\t<div class=\"elementor-element elementor-element-12794db elementor-view-default elementor-widget elementor-widget-icon\" data-id=\"12794db\" data-element_type=\"widget\" data-e-type=\"widget\" data-widget_type=\"icon.default\">\n\t\t\t\t\t\t\t<div class=\"elementor-icon-wrapper\">\n\t\t\t<div class=\"elementor-icon\">\n\t\t\t<svg aria-hidden=\"true\" class=\"e-font-icon-svg e-fas-map-marked-alt\" viewBox=\"0 0 576 512\" xmlns=\"http:\/\/www.w3.org\/2000\/svg\"><path d=\"M288 0c-69.59 0-126 56.41-126 126 0 56.26 82.35 158.8 113.9 196.02 6.39 7.54 17.82 7.54 24.2 0C331.65 284.8 414 182.26 414 126 414 56.41 357.59 0 288 0zm0 168c-23.2 0-42-18.8-42-42s18.8-42 42-42 42 18.8 42 42-18.8 42-42 42zM20.12 215.95A32.006 32.006 0 0 0 0 245.66v250.32c0 11.32 11.43 19.06 21.94 14.86L160 448V214.92c-8.84-15.98-16.07-31.54-21.25-46.42L20.12 215.95zM288 359.67c-14.07 0-27.38-6.18-36.51-16.96-19.66-23.2-40.57-49.62-59.49-76.72v182l192 64V266c-18.92 27.09-39.82 53.52-59.49 76.72-9.13 10.77-22.44 16.95-36.51 16.95zm266.06-198.51L416 224v288l139.88-55.95A31.996 31.996 0 0 0 576 426.34V176.02c0-11.32-11.43-19.06-21.94-14.86z\"><\/path><\/svg>\t\t\t<\/div>\n\t\t<\/div>\n\t\t\t\t\t\t<\/div>\n\t\t\t\t<div class=\"elementor-element elementor-element-546cbab elementor-widget elementor-widget-text-editor\" data-id=\"546cbab\" data-element_type=\"widget\" data-e-type=\"widget\" data-widget_type=\"text-editor.default\">\n\t\t\t\t\t\t\t\t\t<p><span style=\"text-decoration: underline;\"><a href=\"https:\/\/justine-terrien.ipac-angers.yt\/index.php\/contact\/\"><strong>LOCALISATION<\/strong><\/a><\/span><\/p><p>VAL DE LOIRE, NORMANDIE, BRETAGNE<\/p>\t\t\t\t\t\t\t\t<\/div>\n\t\t\t\t<\/div>\n\t\t<div class=\"elementor-element elementor-element-dda22a6 e-con-full e-flex e-con e-child\" data-id=\"dda22a6\" data-element_type=\"container\" data-e-type=\"container\">\n\t\t\t\t<div class=\"elementor-element elementor-element-dbf755c elementor-view-default elementor-widget elementor-widget-icon\" data-id=\"dbf755c\" data-element_type=\"widget\" data-e-type=\"widget\" data-widget_type=\"icon.default\">\n\t\t\t\t\t\t\t<div class=\"elementor-icon-wrapper\">\n\t\t\t<div class=\"elementor-icon\">\n\t\t\t<svg aria-hidden=\"true\" class=\"e-font-icon-svg e-far-check-circle\" viewBox=\"0 0 512 512\" xmlns=\"http:\/\/www.w3.org\/2000\/svg\"><path d=\"M256 8C119.033 8 8 119.033 8 256s111.033 248 248 248 248-111.033 248-248S392.967 8 256 8zm0 48c110.532 0 200 89.451 200 200 0 110.532-89.451 200-200 200-110.532 0-200-89.451-200-200 0-110.532 89.451-200 200-200m140.204 130.267l-22.536-22.718c-4.667-4.705-12.265-4.736-16.97-.068L215.346 303.697l-59.792-60.277c-4.667-4.705-12.265-4.736-16.97-.069l-22.719 22.536c-4.705 4.667-4.736 12.265-.068 16.971l90.781 91.516c4.667 4.705 12.265 4.736 16.97.068l172.589-171.204c4.704-4.668 4.734-12.266.067-16.971z\"><\/path><\/svg>\t\t\t<\/div>\n\t\t<\/div>\n\t\t\t\t\t\t<\/div>\n\t\t\t\t<div class=\"elementor-element elementor-element-e17a119 elementor-widget elementor-widget-text-editor\" data-id=\"e17a119\" data-element_type=\"widget\" data-e-type=\"widget\" data-widget_type=\"text-editor.default\">\n\t\t\t\t\t\t\t\t\t<p><strong><span style=\"text-decoration: underline;\">UN UNIQUE INTERLOCUTEUR<\/span><\/strong><\/p><p><strong>POUR L&rsquo;ORAGNISTAION DE VOTRE SOIR\u00c9E\u00a0<\/strong><\/p>\t\t\t\t\t\t\t\t<\/div>\n\t\t\t\t<\/div>\n\t\t<div class=\"elementor-element elementor-element-fb8ed1c e-con-full e-flex e-con e-child\" data-id=\"fb8ed1c\" data-element_type=\"container\" data-e-type=\"container\">\n\t\t\t\t<div class=\"elementor-element elementor-element-992baa3 elementor-view-default elementor-widget elementor-widget-icon\" data-id=\"992baa3\" data-element_type=\"widget\" data-e-type=\"widget\" data-widget_type=\"icon.default\">\n\t\t\t\t\t\t\t<div class=\"elementor-icon-wrapper\">\n\t\t\t<div class=\"elementor-icon\">\n\t\t\t<svg aria-hidden=\"true\" class=\"e-font-icon-svg e-fas-plus\" viewBox=\"0 0 448 512\" xmlns=\"http:\/\/www.w3.org\/2000\/svg\"><path d=\"M416 208H272V64c0-17.67-14.33-32-32-32h-32c-17.67 0-32 14.33-32 32v144H32c-17.67 0-32 14.33-32 32v32c0 17.67 14.33 32 32 32h144v144c0 17.67 14.33 32 32 32h32c17.67 0 32-14.33 32-32V304h144c17.67 0 32-14.33 32-32v-32c0-17.67-14.33-32-32-32z\"><\/path><\/svg>\t\t\t<\/div>\n\t\t<\/div>\n\t\t\t\t\t\t<\/div>\n\t\t\t\t<div class=\"elementor-element elementor-element-0c44dbd elementor-widget elementor-widget-text-editor\" data-id=\"0c44dbd\" data-element_type=\"widget\" data-e-type=\"widget\" data-widget_type=\"text-editor.default\">\n\t\t\t\t\t\t\t\t\t<p><strong>DES PRESTATAIRES DE CONFIANCE ET DE QUALIT\u00c9<\/strong><\/p>\t\t\t\t\t\t\t\t<\/div>\n\t\t\t\t<\/div>\n\t\t\t\t\t<\/div>\n\t\t\t\t<\/div>\n\t\t\t\t<\/div>\n\t\t","protected":false},"excerpt":{"rendered":"<p>Soir\u00e9es d&rsquo;entreprises SOIR\u00c9ES D&rsquo;ENTREPRISES DANS L&rsquo;OUEST DE LA FRANCE J&rsquo;ai \u00e9puis\u00e9 mon stock d&rsquo;id\u00e9es ! Comment surprendre et garantir la qualit\u00e9 de la soir\u00e9e ?&nbsp;Vous avez besoin&nbsp;d&rsquo;\u00e9changer dans un cadre festif, de marquer les esprits&nbsp;ou m\u00eame de&nbsp;l\u00e2cher prise&nbsp;lors d&rsquo;une belle soir\u00e9e d&rsquo;entreprise ?&nbsp;Le Val de Loire offre une diversit\u00e9 d&rsquo;exp\u00e9riences,&nbsp;des plus ancr\u00e9es dans le terroir [&hellip;]<\/p>\n","protected":false},"author":3,"featured_media":0,"parent":0,"menu_order":0,"comment_status":"closed","ping_status":"closed","template":"elementor_canvas","meta":{"footnotes":""},"class_list":["post-47","page","type-page","status-publish","hentry"],"_links":{"self":[{"href":"https:\/\/justine-terrien.ipac-angers.yt\/index.php\/wp-json\/wp\/v2\/pages\/47","targetHints":{"allow":["GET"]}}],"collection":[{"href":"https:\/\/justine-terrien.ipac-angers.yt\/index.php\/wp-json\/wp\/v2\/pages"}],"about":[{"href":"https:\/\/justine-terrien.ipac-angers.yt\/index.php\/wp-json\/wp\/v2\/types\/page"}],"author":[{"embeddable":true,"href":"https:\/\/justine-terrien.ipac-angers.yt\/index.php\/wp-json\/wp\/v2\/users\/3"}],"replies":[{"embeddable":true,"href":"https:\/\/justine-terrien.ipac-angers.yt\/index.php\/wp-json\/wp\/v2\/comments?post=47"}],"version-history":[{"count":25,"href":"https:\/\/justine-terrien.ipac-angers.yt\/index.php\/wp-json\/wp\/v2\/pages\/47\/revisions"}],"predecessor-version":[{"id":532,"href":"https:\/\/justine-terrien.ipac-angers.yt\/index.php\/wp-json\/wp\/v2\/pages\/47\/revisions\/532"}],"wp:attachment":[{"href":"https:\/\/justine-terrien.ipac-angers.yt\/index.php\/wp-json\/wp\/v2\/media?parent=47"}],"curies":[{"name":"wp","href":"https:\/\/api.w.org\/{rel}","templated":true}]}}