{"id":266,"date":"2025-10-17T09:47:59","date_gmt":"2025-10-17T09:47:59","guid":{"rendered":"https:\/\/justine-terrien.ipac-angers.yt\/?page_id=266"},"modified":"2025-11-12T10:21:05","modified_gmt":"2025-11-12T10:21:05","slug":"pourquoi-choisir-loire-evenement","status":"publish","type":"page","link":"https:\/\/justine-terrien.ipac-angers.yt\/index.php\/pourquoi-choisir-loire-evenement\/","title":{"rendered":"Pourquoi choisir Loire Ev\u00e8nement"},"content":{"rendered":"\t\t<div data-elementor-type=\"wp-page\" data-elementor-id=\"266\" class=\"elementor elementor-266\">\n\t\t\t\t<div class=\"elementor-element elementor-element-f88ccdd e-flex e-con-boxed e-con e-parent\" data-id=\"f88ccdd\" data-element_type=\"container\" data-e-type=\"container\" data-settings=\"{&quot;background_background&quot;:&quot;classic&quot;}\">\n\t\t\t\t\t<div class=\"e-con-inner\">\n\t\t\t\t<div class=\"elementor-element elementor-element-184a80a elementor-widget__width-auto elementor-widget elementor-widget-heading\" data-id=\"184a80a\" data-element_type=\"widget\" data-e-type=\"widget\" data-widget_type=\"heading.default\">\n\t\t\t\t\t<h2 class=\"elementor-heading-title elementor-size-default\">Pourquoi choisir Loire Ev\u00e8nement?<\/h2>\t\t\t\t<\/div>\n\t\t\t\t\t<\/div>\n\t\t\t\t<\/div>\n\t\t<div class=\"elementor-element elementor-element-e093710 e-flex e-con-boxed e-con e-parent\" data-id=\"e093710\" data-element_type=\"container\" data-e-type=\"container\">\n\t\t\t\t\t<div class=\"e-con-inner\">\n\t\t\t\t<div class=\"elementor-element elementor-element-b09584c elementor-widget elementor-widget-spacer\" data-id=\"b09584c\" data-element_type=\"widget\" data-e-type=\"widget\" data-widget_type=\"spacer.default\">\n\t\t\t\t\t\t\t<div class=\"elementor-spacer\">\n\t\t\t<div class=\"elementor-spacer-inner\"><\/div>\n\t\t<\/div>\n\t\t\t\t\t\t<\/div>\n\t\t\t\t\t<\/div>\n\t\t\t\t<\/div>\n\t\t<div class=\"elementor-element elementor-element-c2a45fe e-flex e-con-boxed e-con e-parent\" data-id=\"c2a45fe\" data-element_type=\"container\" data-e-type=\"container\">\n\t\t\t\t\t<div class=\"e-con-inner\">\n\t\t<div class=\"elementor-element elementor-element-c594b14 e-con-full e-flex e-con e-child\" data-id=\"c594b14\" data-element_type=\"container\" data-e-type=\"container\" data-settings=\"{&quot;background_background&quot;:&quot;classic&quot;}\">\n\t\t\t\t<\/div>\n\t\t<div class=\"elementor-element elementor-element-9b23c93 e-con-full e-flex e-con e-child\" data-id=\"9b23c93\" data-element_type=\"container\" data-e-type=\"container\" data-settings=\"{&quot;background_background&quot;:&quot;classic&quot;}\">\n\t\t\t\t<div class=\"elementor-element elementor-element-74bbae3 elementor-widget elementor-widget-text-editor\" data-id=\"74bbae3\" data-element_type=\"widget\" data-e-type=\"widget\" data-widget_type=\"text-editor.default\">\n\t\t\t\t\t\t\t\t\t<p>3 raisons suffiront \u00e0 vous convaincre<\/p>\t\t\t\t\t\t\t\t<\/div>\n\t\t\t\t<\/div>\n\t\t<div class=\"elementor-element elementor-element-c9f2f32 e-con-full e-flex e-con e-child\" data-id=\"c9f2f32\" data-element_type=\"container\" data-e-type=\"container\" data-settings=\"{&quot;background_background&quot;:&quot;classic&quot;}\">\n\t\t\t\t<\/div>\n\t\t\t\t\t<\/div>\n\t\t\t\t<\/div>\n\t\t<div class=\"elementor-element elementor-element-707caa1 e-flex e-con-boxed e-con e-parent\" data-id=\"707caa1\" data-element_type=\"container\" data-e-type=\"container\">\n\t\t\t\t\t<div class=\"e-con-inner\">\n\t\t<div class=\"elementor-element elementor-element-c39c308 e-con-full e-flex e-con e-child\" data-id=\"c39c308\" data-element_type=\"container\" data-e-type=\"container\">\n\t\t\t\t<div class=\"elementor-element elementor-element-c678ff5 elementor-widget elementor-widget-text-editor\" data-id=\"c678ff5\" data-element_type=\"widget\" data-e-type=\"widget\" data-widget_type=\"text-editor.default\">\n\t\t\t\t\t\t\t\t\t<p>ACCESSIBILITE<\/p>\t\t\t\t\t\t\t\t<\/div>\n\t\t\t\t<div class=\"elementor-element elementor-element-881503f elementor-view-default elementor-widget elementor-widget-icon\" data-id=\"881503f\" data-element_type=\"widget\" data-e-type=\"widget\" data-widget_type=\"icon.default\">\n\t\t\t\t\t\t\t<div class=\"elementor-icon-wrapper\">\n\t\t\t<div class=\"elementor-icon\">\n\t\t\t<i aria-hidden=\"true\" class=\"icon icon-car\"><\/i>\t\t\t<\/div>\n\t\t<\/div>\n\t\t\t\t\t\t<\/div>\n\t\t\t\t<\/div>\n\t\t<div class=\"elementor-element elementor-element-9ce2885 e-con-full e-flex e-con e-child\" data-id=\"9ce2885\" data-element_type=\"container\" data-e-type=\"container\">\n\t\t\t\t<div class=\"elementor-element elementor-element-1b54478 elementor-widget elementor-widget-text-editor\" data-id=\"1b54478\" data-element_type=\"widget\" data-e-type=\"widget\" data-widget_type=\"text-editor.default\">\n\t\t\t\t\t\t\t\t\t<p>LIEUX D&rsquo;EXCEPTIONS<\/p>\t\t\t\t\t\t\t\t<\/div>\n\t\t\t\t<div class=\"elementor-element elementor-element-13be52c elementor-view-default elementor-widget elementor-widget-icon\" data-id=\"13be52c\" data-element_type=\"widget\" data-e-type=\"widget\" data-widget_type=\"icon.default\">\n\t\t\t\t\t\t\t<div class=\"elementor-icon-wrapper\">\n\t\t\t<div class=\"elementor-icon\">\n\t\t\t<svg aria-hidden=\"true\" class=\"e-font-icon-svg e-fas-star\" viewBox=\"0 0 576 512\" xmlns=\"http:\/\/www.w3.org\/2000\/svg\"><path d=\"M259.3 17.8L194 150.2 47.9 171.5c-26.2 3.8-36.7 36.1-17.7 54.6l105.7 103-25 145.5c-4.5 26.3 23.2 46 46.4 33.7L288 439.6l130.7 68.7c23.2 12.2 50.9-7.4 46.4-33.7l-25-145.5 105.7-103c19-18.5 8.5-50.8-17.7-54.6L382 150.2 316.7 17.8c-11.7-23.6-45.6-23.9-57.4 0z\"><\/path><\/svg>\t\t\t<\/div>\n\t\t<\/div>\n\t\t\t\t\t\t<\/div>\n\t\t\t\t<\/div>\n\t\t<div class=\"elementor-element elementor-element-c81f692 e-con-full e-flex e-con e-child\" data-id=\"c81f692\" data-element_type=\"container\" data-e-type=\"container\">\n\t\t\t\t<div class=\"elementor-element elementor-element-79eaaca elementor-widget elementor-widget-text-editor\" data-id=\"79eaaca\" data-element_type=\"widget\" data-e-type=\"widget\" data-widget_type=\"text-editor.default\">\n\t\t\t\t\t\t\t\t\t<p>AU \u2661 DE L&rsquo;HISTOIRE<\/p>\t\t\t\t\t\t\t\t<\/div>\n\t\t\t\t<div class=\"elementor-element elementor-element-382f373 elementor-view-default elementor-widget elementor-widget-icon\" data-id=\"382f373\" data-element_type=\"widget\" data-e-type=\"widget\" data-widget_type=\"icon.default\">\n\t\t\t\t\t\t\t<div class=\"elementor-icon-wrapper\">\n\t\t\t<div class=\"elementor-icon\">\n\t\t\t<svg aria-hidden=\"true\" class=\"e-font-icon-svg e-far-comments\" viewBox=\"0 0 576 512\" xmlns=\"http:\/\/www.w3.org\/2000\/svg\"><path d=\"M532 386.2c27.5-27.1 44-61.1 44-98.2 0-80-76.5-146.1-176.2-157.9C368.3 72.5 294.3 32 208 32 93.1 32 0 103.6 0 192c0 37 16.5 71 44 98.2-15.3 30.7-37.3 54.5-37.7 54.9-6.3 6.7-8.1 16.5-4.4 25 3.6 8.5 12 14 21.2 14 53.5 0 96.7-20.2 125.2-38.8 9.2 2.1 18.7 3.7 28.4 4.9C208.1 407.6 281.8 448 368 448c20.8 0 40.8-2.4 59.8-6.8C456.3 459.7 499.4 480 553 480c9.2 0 17.5-5.5 21.2-14 3.6-8.5 1.9-18.3-4.4-25-.4-.3-22.5-24.1-37.8-54.8zm-392.8-92.3L122.1 305c-14.1 9.1-28.5 16.3-43.1 21.4 2.7-4.7 5.4-9.7 8-14.8l15.5-31.1L77.7 256C64.2 242.6 48 220.7 48 192c0-60.7 73.3-112 160-112s160 51.3 160 112-73.3 112-160 112c-16.5 0-33-1.9-49-5.6l-19.8-4.5zM498.3 352l-24.7 24.4 15.5 31.1c2.6 5.1 5.3 10.1 8 14.8-14.6-5.1-29-12.3-43.1-21.4l-17.1-11.1-19.9 4.6c-16 3.7-32.5 5.6-49 5.6-54 0-102.2-20.1-131.3-49.7C338 339.5 416 272.9 416 192c0-3.4-.4-6.7-.7-10C479.7 196.5 528 238.8 528 288c0 28.7-16.2 50.6-29.7 64z\"><\/path><\/svg>\t\t\t<\/div>\n\t\t<\/div>\n\t\t\t\t\t\t<\/div>\n\t\t\t\t<\/div>\n\t\t\t\t\t<\/div>\n\t\t\t\t<\/div>\n\t\t<div class=\"elementor-element elementor-element-b9c3c1c e-flex e-con-boxed e-con e-parent\" data-id=\"b9c3c1c\" data-element_type=\"container\" data-e-type=\"container\">\n\t\t\t\t\t<div class=\"e-con-inner\">\n\t\t<div class=\"elementor-element elementor-element-aab8646 e-con-full e-flex e-con e-child\" data-id=\"aab8646\" data-element_type=\"container\" data-e-type=\"container\">\n\t\t\t\t<div class=\"elementor-element elementor-element-11f8d80 elementor-widget elementor-widget-text-editor\" data-id=\"11f8d80\" data-element_type=\"widget\" data-e-type=\"widget\" data-widget_type=\"text-editor.default\">\n\t\t\t\t\t\t\t\t\t<p style=\"line-height: normal; background-image: initial; background-position: initial; background-size: initial; background-repeat: initial; background-attachment: initial; background-origin: initial; background-clip: initial;\"><span style=\"font-size: 12pt; font-family: Arial, sans-serif;\">Angers b\u00e9n\u00e9ficie d\u2019une situation id\u00e9ale pour\naccueillir vos \u00e9quipes : \u00e0 seulement&nbsp;<\/span><span style=\"font-size: 12pt; font-family: Arial, sans-serif;\">1h30 de Paris<\/span><span style=\"font-size: 12pt; font-family: Arial, sans-serif;\">&nbsp;en train, et desservie par les autoroutes&nbsp;<\/span><span style=\"font-size: 12pt; font-family: Arial, sans-serif;\">A11<\/span><span style=\"font-size: 12pt; font-family: Arial, sans-serif;\">&nbsp;et&nbsp;<\/span><span style=\"font-size: 12pt; font-family: Arial, sans-serif;\">A85<\/span><span style=\"font-size: 12pt; font-family: Arial, sans-serif;\">, la ville est accessible en\ncovoiturage ou en voiture depuis tout l\u2019Ouest de la France.<\/span><\/p><p style=\"line-height: normal; background-image: initial; background-position: initial; background-size: initial; background-repeat: initial; background-attachment: initial; background-origin: initial; background-clip: initial;\"><span style=\"font-size: 12pt; font-family: Arial, sans-serif;\">Vos collaborateurs peuvent \u00e9galement arriver par les\nairs gr\u00e2ce aux&nbsp;a\u00e9roports de Nantes\nAtlantique,&nbsp;Tours Val de\nLoire&nbsp;ou&nbsp;Angers Marc\u00e9,\ntous situ\u00e9s \u00e0 proximit\u00e9.<\/span><\/p>\t\t\t\t\t\t\t\t<\/div>\n\t\t\t\t<\/div>\n\t\t<div class=\"elementor-element elementor-element-83741d2 e-con-full e-flex e-con e-child\" data-id=\"83741d2\" data-element_type=\"container\" data-e-type=\"container\">\n\t\t\t\t<div class=\"elementor-element elementor-element-301cd97 elementor-widget elementor-widget-text-editor\" data-id=\"301cd97\" data-element_type=\"widget\" data-e-type=\"widget\" data-widget_type=\"text-editor.default\">\n\t\t\t\t\t\t\t\t\t<p>Notre r\u00e9gion regorge de <strong><span style=\"font-weight: normal; mso-bidi-font-weight: bold;\">lieux d\u2019exception<\/span><\/strong><b> <\/b>pour vos \u00e9v\u00e9nements : ch\u00e2teaux majestueux, domaines viticoles, troglodytes, h\u00f4tels particuliers, pavillons de chasse\u2026 sans oublier la <strong><span style=\"font-weight: normal; mso-bidi-font-weight: bold;\">Loire<\/span><\/strong>, dernier fleuve sauvage d\u2019Europe, qui offre un cadre naturel et inspirant.<\/p><p>Ces lieux favorisent les <strong><span style=\"font-weight: normal; mso-bidi-font-weight: bold;\">rencontres authentiques<\/span><\/strong><b>,<\/b> la <strong><span style=\"font-weight: normal; mso-bidi-font-weight: bold;\">coh\u00e9sion d\u2019\u00e9quipe<\/span><\/strong> et l\u2019<strong><span style=\"font-weight: normal; mso-bidi-font-weight: bold;\">\u00e9change de<\/span> <\/strong><strong><span style=\"font-weight: normal; mso-bidi-font-weight: bold;\">valeurs humaines<\/span><\/strong>. C\u2019est exactement ce que nous cultivons \u00e0 travers nos team buildings et s\u00e9minaires.<\/p><p class=\"MsoNormal\">\u00a0<\/p>\t\t\t\t\t\t\t\t<\/div>\n\t\t\t\t<\/div>\n\t\t<div class=\"elementor-element elementor-element-7d82b6a e-con-full e-flex e-con e-child\" data-id=\"7d82b6a\" data-element_type=\"container\" data-e-type=\"container\">\n\t\t\t\t<div class=\"elementor-element elementor-element-05bda4f elementor-widget elementor-widget-text-editor\" data-id=\"05bda4f\" data-element_type=\"widget\" data-e-type=\"widget\" data-widget_type=\"text-editor.default\">\n\t\t\t\t\t\t\t\t\t<p>Angers et sa r\u00e9gion sont le berceau des <strong><span style=\"font-weight: normal; mso-bidi-font-weight: bold;\">id\u00e9aux de la Renaissance<\/span> <\/strong><strong><span style=\"font-weight: normal; mso-bidi-font-weight: bold;\">et du si\u00e8cle des Lumi\u00e8res<\/span><\/strong>. En int\u00e9grant des <strong><span style=\"font-weight: normal; mso-bidi-font-weight: bold;\">visites culturelles<\/span><\/strong>, des <strong><span style=\"font-weight: normal; mso-bidi-font-weight: bold;\">activit\u00e9s historiques<\/span><\/strong> ou des <strong><span style=\"font-weight: normal; mso-bidi-font-weight: bold;\">ateliers cr\u00e9atifs<\/span><\/strong>, nous cr\u00e9ons des \u00e9v\u00e9nements qui r\u00e9sonnent avec les <strong><span style=\"font-weight: normal; mso-bidi-font-weight: bold;\">valeurs de votre entreprise<\/span><\/strong>.<b><\/b><\/p><p>Ces exp\u00e9riences stimulent la <strong><span style=\"font-weight: normal; mso-bidi-font-weight: bold;\">r\u00e9flexion<\/span><\/strong>, la <strong><span style=\"font-weight: normal; mso-bidi-font-weight: bold;\">cr\u00e9ativit\u00e9<\/span><\/strong> et le <strong><span style=\"font-weight: normal; mso-bidi-font-weight: bold;\">g\u00e9nie collectif<\/span><\/strong> de vos collaborateurs, tout en renfor\u00e7ant leur engagement et leur esprit d\u2019\u00e9quipe.<\/p>\t\t\t\t\t\t\t\t<\/div>\n\t\t\t\t<\/div>\n\t\t\t\t\t<\/div>\n\t\t\t\t<\/div>\n\t\t<div class=\"elementor-element elementor-element-959b2f2 e-flex e-con-boxed e-con e-parent\" data-id=\"959b2f2\" data-element_type=\"container\" data-e-type=\"container\">\n\t\t\t\t\t<div class=\"e-con-inner\">\n\t\t<div class=\"elementor-element elementor-element-b444ee4 e-con-full e-flex e-con e-child\" data-id=\"b444ee4\" data-element_type=\"container\" data-e-type=\"container\" data-settings=\"{&quot;background_background&quot;:&quot;classic&quot;}\">\n\t\t\t\t<\/div>\n\t\t<div class=\"elementor-element elementor-element-de2369f e-con-full e-flex e-con e-child\" data-id=\"de2369f\" data-element_type=\"container\" data-e-type=\"container\" data-settings=\"{&quot;background_background&quot;:&quot;classic&quot;}\">\n\t\t\t\t<div class=\"elementor-element elementor-element-c6107c0 elementor-widget elementor-widget-text-editor\" data-id=\"c6107c0\" data-element_type=\"widget\" data-e-type=\"widget\" data-widget_type=\"text-editor.default\">\n\t\t\t\t\t\t\t\t\t<p>Nos valeurs\u00a0<\/p>\t\t\t\t\t\t\t\t<\/div>\n\t\t\t\t<\/div>\n\t\t<div class=\"elementor-element elementor-element-384866a e-con-full e-flex e-con e-child\" data-id=\"384866a\" data-element_type=\"container\" data-e-type=\"container\" data-settings=\"{&quot;background_background&quot;:&quot;classic&quot;}\">\n\t\t\t\t<\/div>\n\t\t\t\t\t<\/div>\n\t\t\t\t<\/div>\n\t\t<div class=\"elementor-element elementor-element-15d2fd5 e-flex e-con-boxed e-con e-parent\" data-id=\"15d2fd5\" data-element_type=\"container\" data-e-type=\"container\">\n\t\t\t\t\t<div class=\"e-con-inner\">\n\t\t<div class=\"elementor-element elementor-element-a2825ee e-con-full e-flex e-con e-child\" data-id=\"a2825ee\" data-element_type=\"container\" data-e-type=\"container\">\n\t\t\t\t<div class=\"elementor-element elementor-element-34afd67 elementor-widget elementor-widget-text-editor\" data-id=\"34afd67\" data-element_type=\"widget\" data-e-type=\"widget\" data-widget_type=\"text-editor.default\">\n\t\t\t\t\t\t\t\t\t<p>DISPONIBILITE<\/p>\t\t\t\t\t\t\t\t<\/div>\n\t\t\t\t<div class=\"elementor-element elementor-element-e437403 elementor-view-default elementor-widget elementor-widget-icon\" data-id=\"e437403\" data-element_type=\"widget\" data-e-type=\"widget\" data-widget_type=\"icon.default\">\n\t\t\t\t\t\t\t<div class=\"elementor-icon-wrapper\">\n\t\t\t<div class=\"elementor-icon\">\n\t\t\t<svg aria-hidden=\"true\" class=\"e-font-icon-svg e-fas-eye\" viewBox=\"0 0 576 512\" xmlns=\"http:\/\/www.w3.org\/2000\/svg\"><path d=\"M572.52 241.4C518.29 135.59 410.93 64 288 64S57.68 135.64 3.48 241.41a32.35 32.35 0 0 0 0 29.19C57.71 376.41 165.07 448 288 448s230.32-71.64 284.52-177.41a32.35 32.35 0 0 0 0-29.19zM288 400a144 144 0 1 1 144-144 143.93 143.93 0 0 1-144 144zm0-240a95.31 95.31 0 0 0-25.31 3.79 47.85 47.85 0 0 1-66.9 66.9A95.78 95.78 0 1 0 288 160z\"><\/path><\/svg>\t\t\t<\/div>\n\t\t<\/div>\n\t\t\t\t\t\t<\/div>\n\t\t\t\t<\/div>\n\t\t<div class=\"elementor-element elementor-element-db29f0d e-con-full e-flex e-con e-child\" data-id=\"db29f0d\" data-element_type=\"container\" data-e-type=\"container\">\n\t\t\t\t<div class=\"elementor-element elementor-element-b3af189 elementor-widget elementor-widget-text-editor\" data-id=\"b3af189\" data-element_type=\"widget\" data-e-type=\"widget\" data-widget_type=\"text-editor.default\">\n\t\t\t\t\t\t\t\t\t<p>GENEROSITE<\/p>\t\t\t\t\t\t\t\t<\/div>\n\t\t\t\t<div class=\"elementor-element elementor-element-11e803d elementor-view-default elementor-widget elementor-widget-icon\" data-id=\"11e803d\" data-element_type=\"widget\" data-e-type=\"widget\" data-widget_type=\"icon.default\">\n\t\t\t\t\t\t\t<div class=\"elementor-icon-wrapper\">\n\t\t\t<div class=\"elementor-icon\">\n\t\t\t<svg aria-hidden=\"true\" class=\"e-font-icon-svg e-fas-hand-holding-heart\" viewBox=\"0 0 576 512\" xmlns=\"http:\/\/www.w3.org\/2000\/svg\"><path d=\"M275.3 250.5c7 7.4 18.4 7.4 25.5 0l108.9-114.2c31.6-33.2 29.8-88.2-5.6-118.8-30.8-26.7-76.7-21.9-104.9 7.7L288 36.9l-11.1-11.6C248.7-4.4 202.8-9.2 172 17.5c-35.3 30.6-37.2 85.6-5.6 118.8l108.9 114.2zm290 77.6c-11.8-10.7-30.2-10-42.6 0L430.3 402c-11.3 9.1-25.4 14-40 14H272c-8.8 0-16-7.2-16-16s7.2-16 16-16h78.3c15.9 0 30.7-10.9 33.3-26.6 3.3-20-12.1-37.4-31.6-37.4H192c-27 0-53.1 9.3-74.1 26.3L71.4 384H16c-8.8 0-16 7.2-16 16v96c0 8.8 7.2 16 16 16h356.8c14.5 0 28.6-4.9 40-14L564 377c15.2-12.1 16.4-35.3 1.3-48.9z\"><\/path><\/svg>\t\t\t<\/div>\n\t\t<\/div>\n\t\t\t\t\t\t<\/div>\n\t\t\t\t<\/div>\n\t\t<div class=\"elementor-element elementor-element-6ef0a42 e-con-full e-flex e-con e-child\" data-id=\"6ef0a42\" data-element_type=\"container\" data-e-type=\"container\">\n\t\t\t\t<div class=\"elementor-element elementor-element-6785eb0 elementor-widget elementor-widget-text-editor\" data-id=\"6785eb0\" data-element_type=\"widget\" data-e-type=\"widget\" data-widget_type=\"text-editor.default\">\n\t\t\t\t\t\t\t\t\t<p>CULTURE POSITIVE<\/p>\t\t\t\t\t\t\t\t<\/div>\n\t\t\t\t<div class=\"elementor-element elementor-element-37a674e elementor-view-default elementor-widget elementor-widget-icon\" data-id=\"37a674e\" data-element_type=\"widget\" data-e-type=\"widget\" data-widget_type=\"icon.default\">\n\t\t\t\t\t\t\t<div class=\"elementor-icon-wrapper\">\n\t\t\t<div class=\"elementor-icon\">\n\t\t\t<svg aria-hidden=\"true\" class=\"e-font-icon-svg e-far-handshake\" viewBox=\"0 0 640 512\" xmlns=\"http:\/\/www.w3.org\/2000\/svg\"><path d=\"M519.2 127.9l-47.6-47.6A56.252 56.252 0 0 0 432 64H205.2c-14.8 0-29.1 5.9-39.6 16.3L118 127.9H0v255.7h64c17.6 0 31.8-14.2 31.9-31.7h9.1l84.6 76.4c30.9 25.1 73.8 25.7 105.6 3.8 12.5 10.8 26 15.9 41.1 15.9 18.2 0 35.3-7.4 48.8-24 22.1 8.7 48.2 2.6 64-16.8l26.2-32.3c5.6-6.9 9.1-14.8 10.9-23h57.9c.1 17.5 14.4 31.7 31.9 31.7h64V127.9H519.2zM48 351.6c-8.8 0-16-7.2-16-16s7.2-16 16-16 16 7.2 16 16c0 8.9-7.2 16-16 16zm390-6.9l-26.1 32.2c-2.8 3.4-7.8 4-11.3 1.2l-23.9-19.4-30 36.5c-6 7.3-15 4.8-18 2.4l-36.8-31.5-15.6 19.2c-13.9 17.1-39.2 19.7-55.3 6.6l-97.3-88H96V175.8h41.9l61.7-61.6c2-.8 3.7-1.5 5.7-2.3H262l-38.7 35.5c-29.4 26.9-31.1 72.3-4.4 101.3 14.8 16.2 61.2 41.2 101.5 4.4l8.2-7.5 108.2 87.8c3.4 2.8 3.9 7.9 1.2 11.3zm106-40.8h-69.2c-2.3-2.8-4.9-5.4-7.7-7.7l-102.7-83.4 12.5-11.4c6.5-6 7-16.1 1-22.6L367 167.1c-6-6.5-16.1-6.9-22.6-1l-55.2 50.6c-9.5 8.7-25.7 9.4-34.6 0-9.3-9.9-8.5-25.1 1.2-33.9l65.6-60.1c7.4-6.8 17-10.5 27-10.5l83.7-.2c2.1 0 4.1.8 5.5 2.3l61.7 61.6H544v128zm48 47.7c-8.8 0-16-7.2-16-16s7.2-16 16-16 16 7.2 16 16c0 8.9-7.2 16-16 16z\"><\/path><\/svg>\t\t\t<\/div>\n\t\t<\/div>\n\t\t\t\t\t\t<\/div>\n\t\t\t\t<\/div>\n\t\t\t\t\t<\/div>\n\t\t\t\t<\/div>\n\t\t<div class=\"elementor-element elementor-element-a80cf1e e-flex e-con-boxed e-con e-parent\" data-id=\"a80cf1e\" data-element_type=\"container\" data-e-type=\"container\">\n\t\t\t\t\t<div class=\"e-con-inner\">\n\t\t<div class=\"elementor-element elementor-element-f07ffec e-con-full e-flex e-con e-child\" data-id=\"f07ffec\" data-element_type=\"container\" data-e-type=\"container\">\n\t\t\t\t<div class=\"elementor-element elementor-element-24bbf8e elementor-widget elementor-widget-text-editor\" data-id=\"24bbf8e\" data-element_type=\"widget\" data-e-type=\"widget\" data-widget_type=\"text-editor.default\">\n\t\t\t\t\t\t\t\t\t<p><span class=\"OYPEnA font-feature-liga-off font-feature-clig-off font-feature-calt-off text-decoration-none text-strikethrough-none\">Accessible et impliqu\u00e9 pour vous<\/span><span class=\"OYPEnA font-feature-liga-off font-feature-clig-off font-feature-calt-off text-decoration-none text-strikethrough-none white-space-prewrap\">\u00a0<\/span><span class=\"OYPEnA font-feature-liga-off font-feature-clig-off font-feature-calt-off text-decoration-none text-strikethrough-none\">en amont. Le jour j, nous coordonnons votre \u00e9v\u00e8nement avec discr\u00e9tion.<\/span><\/p>\t\t\t\t\t\t\t\t<\/div>\n\t\t\t\t<\/div>\n\t\t<div class=\"elementor-element elementor-element-f9b22d4 e-con-full e-flex e-con e-child\" data-id=\"f9b22d4\" data-element_type=\"container\" data-e-type=\"container\">\n\t\t\t\t<div class=\"elementor-element elementor-element-0a4f502 elementor-widget elementor-widget-text-editor\" data-id=\"0a4f502\" data-element_type=\"widget\" data-e-type=\"widget\" data-widget_type=\"text-editor.default\">\n\t\t\t\t\t\t\t\t\t<p>Reflet de notre engagement \u00e0 aller au-del\u00e0 des attentes de nos clients.<\/p>\t\t\t\t\t\t\t\t<\/div>\n\t\t\t\t<\/div>\n\t\t<div class=\"elementor-element elementor-element-b4e6f97 e-con-full e-flex e-con e-child\" data-id=\"b4e6f97\" data-element_type=\"container\" data-e-type=\"container\">\n\t\t\t\t<div class=\"elementor-element elementor-element-c7b1369 elementor-widget elementor-widget-text-editor\" data-id=\"c7b1369\" data-element_type=\"widget\" data-e-type=\"widget\" data-widget_type=\"text-editor.default\">\n\t\t\t\t\t\t\t\t\t<p>\u00c9nergie et optimisme sont insuffl\u00e9s \u00e0 chaque \u00e9v\u00e9nement.\u00a0<\/p>\t\t\t\t\t\t\t\t<\/div>\n\t\t\t\t<\/div>\n\t\t\t\t\t<\/div>\n\t\t\t\t<\/div>\n\t\t<div class=\"elementor-element elementor-element-79bc511 e-flex e-con-boxed e-con e-parent\" data-id=\"79bc511\" data-element_type=\"container\" data-e-type=\"container\">\n\t\t\t\t\t<div class=\"e-con-inner\">\n\t\t\t\t<div class=\"elementor-element elementor-element-50ff73a elementor-widget elementor-widget-spacer\" data-id=\"50ff73a\" data-element_type=\"widget\" data-e-type=\"widget\" data-widget_type=\"spacer.default\">\n\t\t\t\t\t\t\t<div class=\"elementor-spacer\">\n\t\t\t<div class=\"elementor-spacer-inner\"><\/div>\n\t\t<\/div>\n\t\t\t\t\t\t<\/div>\n\t\t\t\t\t<\/div>\n\t\t\t\t<\/div>\n\t\t\t\t<\/div>\n\t\t","protected":false},"excerpt":{"rendered":"<p>Pourquoi choisir Loire Ev\u00e8nement? 3 raisons suffiront \u00e0 vous convaincre ACCESSIBILITE LIEUX D&rsquo;EXCEPTIONS AU \u2661 DE L&rsquo;HISTOIRE Angers b\u00e9n\u00e9ficie d\u2019une situation id\u00e9ale pour accueillir vos \u00e9quipes : \u00e0 seulement&nbsp;1h30 de Paris&nbsp;en train, et desservie par les autoroutes&nbsp;A11&nbsp;et&nbsp;A85, la ville est accessible en covoiturage ou en voiture depuis tout l\u2019Ouest de la France. Vos collaborateurs peuvent [&hellip;]<\/p>\n","protected":false},"author":2,"featured_media":0,"parent":0,"menu_order":0,"comment_status":"closed","ping_status":"closed","template":"elementor_canvas","meta":{"footnotes":""},"class_list":["post-266","page","type-page","status-publish","hentry"],"_links":{"self":[{"href":"https:\/\/justine-terrien.ipac-angers.yt\/index.php\/wp-json\/wp\/v2\/pages\/266","targetHints":{"allow":["GET"]}}],"collection":[{"href":"https:\/\/justine-terrien.ipac-angers.yt\/index.php\/wp-json\/wp\/v2\/pages"}],"about":[{"href":"https:\/\/justine-terrien.ipac-angers.yt\/index.php\/wp-json\/wp\/v2\/types\/page"}],"author":[{"embeddable":true,"href":"https:\/\/justine-terrien.ipac-angers.yt\/index.php\/wp-json\/wp\/v2\/users\/2"}],"replies":[{"embeddable":true,"href":"https:\/\/justine-terrien.ipac-angers.yt\/index.php\/wp-json\/wp\/v2\/comments?post=266"}],"version-history":[{"count":37,"href":"https:\/\/justine-terrien.ipac-angers.yt\/index.php\/wp-json\/wp\/v2\/pages\/266\/revisions"}],"predecessor-version":[{"id":506,"href":"https:\/\/justine-terrien.ipac-angers.yt\/index.php\/wp-json\/wp\/v2\/pages\/266\/revisions\/506"}],"wp:attachment":[{"href":"https:\/\/justine-terrien.ipac-angers.yt\/index.php\/wp-json\/wp\/v2\/media?parent=266"}],"curies":[{"name":"wp","href":"https:\/\/api.w.org\/{rel}","templated":true}]}}