{"id":205,"date":"2025-10-17T08:47:24","date_gmt":"2025-10-17T08:47:24","guid":{"rendered":"https:\/\/justine-terrien.ipac-angers.yt\/?page_id=205"},"modified":"2025-10-17T09:58:21","modified_gmt":"2025-10-17T09:58:21","slug":"elementor-205","status":"publish","type":"page","link":"https:\/\/justine-terrien.ipac-angers.yt\/index.php\/elementor-205\/","title":{"rendered":"CONDITIONS G\u00c9N\u00c9RALES DE VENTE"},"content":{"rendered":"\t\t<div data-elementor-type=\"wp-page\" data-elementor-id=\"205\" class=\"elementor elementor-205\">\n\t\t\t\t<div class=\"elementor-element elementor-element-63895a8 e-flex e-con-boxed e-con e-parent\" data-id=\"63895a8\" data-element_type=\"container\" data-e-type=\"container\">\n\t\t\t\t\t<div class=\"e-con-inner\">\n\t\t\t\t<div class=\"elementor-element elementor-element-99b4a91 elementor-widget elementor-widget-heading\" data-id=\"99b4a91\" data-element_type=\"widget\" data-e-type=\"widget\" data-widget_type=\"heading.default\">\n\t\t\t\t\t<h2 class=\"elementor-heading-title elementor-size-default\">D\u00e9couvrez nos Conditions G\u00e9n\u00e9rales de Vente en cliquant ci dessous !<\/h2>\t\t\t\t<\/div>\n\t\t\t\t<div class=\"elementor-element elementor-element-fc14f83 elementor-view-default elementor-widget elementor-widget-icon\" data-id=\"fc14f83\" data-element_type=\"widget\" data-e-type=\"widget\" data-widget_type=\"icon.default\">\n\t\t\t\t\t\t\t<div class=\"elementor-icon-wrapper\">\n\t\t\t<div class=\"elementor-icon\">\n\t\t\t<svg aria-hidden=\"true\" class=\"e-font-icon-svg e-fas-arrow-down\" viewBox=\"0 0 448 512\" xmlns=\"http:\/\/www.w3.org\/2000\/svg\"><path d=\"M413.1 222.5l22.2 22.2c9.4 9.4 9.4 24.6 0 33.9L241 473c-9.4 9.4-24.6 9.4-33.9 0L12.7 278.6c-9.4-9.4-9.4-24.6 0-33.9l22.2-22.2c9.5-9.5 25-9.3 34.3.4L184 343.4V56c0-13.3 10.7-24 24-24h32c13.3 0 24 10.7 24 24v287.4l114.8-120.5c9.3-9.8 24.8-10 34.3-.4z\"><\/path><\/svg>\t\t\t<\/div>\n\t\t<\/div>\n\t\t\t\t\t\t<\/div>\n\t\t\t\t<div class=\"elementor-element elementor-element-ac9357f elementor-align-center elementor-widget elementor-widget-button\" data-id=\"ac9357f\" data-element_type=\"widget\" data-e-type=\"widget\" data-widget_type=\"button.default\">\n\t\t\t\t\t\t\t\t\t\t<a class=\"elementor-button elementor-button-link elementor-size-sm\" href=\"#\">\n\t\t\t\t\t\t<span class=\"elementor-button-content-wrapper\">\n\t\t\t\t\t\t\t\t\t<span class=\"elementor-button-text\">Cliquez ici<\/span>\n\t\t\t\t\t<\/span>\n\t\t\t\t\t<\/a>\n\t\t\t\t\t\t\t\t<\/div>\n\t\t\t\t\t<\/div>\n\t\t\t\t<\/div>\n\t\t\t\t<\/div>\n\t\t","protected":false},"excerpt":{"rendered":"<p>D\u00e9couvrez nos Conditions G\u00e9n\u00e9rales de Vente en cliquant ci dessous ! Cliquez ici<\/p>\n","protected":false},"author":3,"featured_media":0,"parent":0,"menu_order":0,"comment_status":"closed","ping_status":"closed","template":"elementor_canvas","meta":{"footnotes":""},"class_list":["post-205","page","type-page","status-publish","hentry"],"_links":{"self":[{"href":"https:\/\/justine-terrien.ipac-angers.yt\/index.php\/wp-json\/wp\/v2\/pages\/205","targetHints":{"allow":["GET"]}}],"collection":[{"href":"https:\/\/justine-terrien.ipac-angers.yt\/index.php\/wp-json\/wp\/v2\/pages"}],"about":[{"href":"https:\/\/justine-terrien.ipac-angers.yt\/index.php\/wp-json\/wp\/v2\/types\/page"}],"author":[{"embeddable":true,"href":"https:\/\/justine-terrien.ipac-angers.yt\/index.php\/wp-json\/wp\/v2\/users\/3"}],"replies":[{"embeddable":true,"href":"https:\/\/justine-terrien.ipac-angers.yt\/index.php\/wp-json\/wp\/v2\/comments?post=205"}],"version-history":[{"count":11,"href":"https:\/\/justine-terrien.ipac-angers.yt\/index.php\/wp-json\/wp\/v2\/pages\/205\/revisions"}],"predecessor-version":[{"id":324,"href":"https:\/\/justine-terrien.ipac-angers.yt\/index.php\/wp-json\/wp\/v2\/pages\/205\/revisions\/324"}],"wp:attachment":[{"href":"https:\/\/justine-terrien.ipac-angers.yt\/index.php\/wp-json\/wp\/v2\/media?parent=205"}],"curies":[{"name":"wp","href":"https:\/\/api.w.org\/{rel}","templated":true}]}}