{"id":16,"date":"2025-10-15T08:43:21","date_gmt":"2025-10-15T08:43:21","guid":{"rendered":"https:\/\/justine-terrien.ipac-angers.yt\/?page_id=16"},"modified":"2025-11-12T09:57:12","modified_gmt":"2025-11-12T09:57:12","slug":"qui-sommes-nous","status":"publish","type":"page","link":"https:\/\/justine-terrien.ipac-angers.yt\/index.php\/qui-sommes-nous\/","title":{"rendered":"L&rsquo;agence et l&rsquo;\u00e9quipe Loire Ev\u00e8nement"},"content":{"rendered":"\t\t<div data-elementor-type=\"wp-page\" data-elementor-id=\"16\" class=\"elementor elementor-16\">\n\t\t\t\t<div class=\"elementor-element elementor-element-704b045 e-con-full e-flex e-con e-parent\" data-id=\"704b045\" data-element_type=\"container\" data-e-type=\"container\">\n\t\t<div class=\"elementor-element elementor-element-3c75996 e-con-full e-flex e-con e-child\" data-id=\"3c75996\" data-element_type=\"container\" data-e-type=\"container\" data-settings=\"{&quot;background_background&quot;:&quot;classic&quot;}\">\n\t\t\t\t<div class=\"elementor-element elementor-element-469af8a elementor-widget elementor-widget-heading\" data-id=\"469af8a\" data-element_type=\"widget\" data-e-type=\"widget\" data-widget_type=\"heading.default\">\n\t\t\t\t\t<h2 class=\"elementor-heading-title elementor-size-default\">L'agence et l'\u00e9quipe Loire Ev\u00e8nement<\/h2>\t\t\t\t<\/div>\n\t\t\t\t<\/div>\n\t\t\t\t<div class=\"elementor-element elementor-element-61767ca elementor-widget elementor-widget-spacer\" data-id=\"61767ca\" data-element_type=\"widget\" data-e-type=\"widget\" data-widget_type=\"spacer.default\">\n\t\t\t\t\t\t\t<div class=\"elementor-spacer\">\n\t\t\t<div class=\"elementor-spacer-inner\"><\/div>\n\t\t<\/div>\n\t\t\t\t\t\t<\/div>\n\t\t\t\t<div class=\"elementor-element elementor-element-0c59b08 elementor-widget elementor-widget-heading\" data-id=\"0c59b08\" data-element_type=\"widget\" data-e-type=\"widget\" data-widget_type=\"heading.default\">\n\t\t\t\t\t<h2 class=\"elementor-heading-title elementor-size-default\">Pr\u00e9sentation de l'agence<\/h2>\t\t\t\t<\/div>\n\t\t<div class=\"elementor-element elementor-element-5236719 e-con-full e-flex e-con e-child\" data-id=\"5236719\" data-element_type=\"container\" data-e-type=\"container\">\n\t\t\t\t<div class=\"elementor-element elementor-element-79201cb elementor-widget elementor-widget-text-editor\" data-id=\"79201cb\" data-element_type=\"widget\" data-e-type=\"widget\" data-widget_type=\"text-editor.default\">\n\t\t\t\t\t\t\t\t\t<p>Agence \u00e9v\u00e9nementielle bas\u00e9e \u00e0 Angers, Loire Evenement imagine et r\u00e9alise des \u00e9v\u00e9nements sur mesure pour les entreprises comme pour les particuliers, partout en France.<\/p><p>Nous cr\u00e9ons vos \u00e9v\u00e9nements de A \u00e0 Z, avec passion et pr\u00e9cision. De la premi\u00e8re id\u00e9e \u00e0 la derni\u00e8re minute, notre \u00e9quipe jeune et cr\u00e9ative prend en charge chaque \u00e9tape pour concevoir une exp\u00e9rience unique, fid\u00e8le \u00e0 vos envies et \u00e0 votre image.<\/p><p>S\u00e9minaires r\u00e9sidentiels, conventions, soir\u00e9es d\u2019entreprise, lancements de produits, anniversaires, mariages, f\u00eates priv\u00e9es ou activit\u00e9s de coh\u00e9sion : chaque projet est une nouvelle aventure que nous orchestrons dans les moindres d\u00e9tails. Lieux de caract\u00e8re, animations originales, logistique ma\u00eetris\u00e9e\u2026 tout est pens\u00e9 pour faire rayonner votre \u00e9v\u00e9nement.<\/p><p>Ne perdez plus de temps, contactez-nous pour transformer vos id\u00e9es en moments inoubliables et mettre votre projet en pleine lumi\u00e8re.<\/p>\t\t\t\t\t\t\t\t<\/div>\n\t\t\t\t<\/div>\n\t\t\t\t<div class=\"elementor-element elementor-element-ab15eff elementor-widget elementor-widget-spacer\" data-id=\"ab15eff\" data-element_type=\"widget\" data-e-type=\"widget\" data-widget_type=\"spacer.default\">\n\t\t\t\t\t\t\t<div class=\"elementor-spacer\">\n\t\t\t<div class=\"elementor-spacer-inner\"><\/div>\n\t\t<\/div>\n\t\t\t\t\t\t<\/div>\n\t\t\t\t<\/div>\n\t\t<div class=\"elementor-element elementor-element-07df33a e-flex e-con-boxed e-con e-parent\" data-id=\"07df33a\" data-element_type=\"container\" data-e-type=\"container\">\n\t\t\t\t\t<div class=\"e-con-inner\">\n\t\t<div class=\"elementor-element elementor-element-de11d6c e-con-full e-flex e-con e-child\" data-id=\"de11d6c\" data-element_type=\"container\" data-e-type=\"container\">\n\t\t\t\t<div class=\"elementor-element elementor-element-051f873 elementor-widget elementor-widget-text-editor\" data-id=\"051f873\" data-element_type=\"widget\" data-e-type=\"widget\" data-widget_type=\"text-editor.default\">\n\t\t\t\t\t\t\t\t\t<p>NOTRE METIER<\/p>\t\t\t\t\t\t\t\t<\/div>\n\t\t\t\t<div class=\"elementor-element elementor-element-cf76fcc elementor-view-default elementor-widget elementor-widget-icon\" data-id=\"cf76fcc\" data-element_type=\"widget\" data-e-type=\"widget\" data-widget_type=\"icon.default\">\n\t\t\t\t\t\t\t<div class=\"elementor-icon-wrapper\">\n\t\t\t<div class=\"elementor-icon\">\n\t\t\t<svg aria-hidden=\"true\" class=\"e-font-icon-svg e-fas-star\" viewBox=\"0 0 576 512\" xmlns=\"http:\/\/www.w3.org\/2000\/svg\"><path d=\"M259.3 17.8L194 150.2 47.9 171.5c-26.2 3.8-36.7 36.1-17.7 54.6l105.7 103-25 145.5c-4.5 26.3 23.2 46 46.4 33.7L288 439.6l130.7 68.7c23.2 12.2 50.9-7.4 46.4-33.7l-25-145.5 105.7-103c19-18.5 8.5-50.8-17.7-54.6L382 150.2 316.7 17.8c-11.7-23.6-45.6-23.9-57.4 0z\"><\/path><\/svg>\t\t\t<\/div>\n\t\t<\/div>\n\t\t\t\t\t\t<\/div>\n\t\t\t\t<div class=\"elementor-element elementor-element-39d6598 elementor-widget elementor-widget-text-editor\" data-id=\"39d6598\" data-element_type=\"widget\" data-e-type=\"widget\" data-widget_type=\"text-editor.default\">\n\t\t\t\t\t\t\t\t\t<p>Loire Evenement \u00e9coute, conseille et accompagne les entreprises dans l\u2019organisation de leurs \u00e9v\u00e9nements professionnels.&nbsp;<\/p>\n<p>Forte d\u2019une connaissance approfondie du territoire et d\u2019une proximit\u00e9 avec les acteurs locaux qui font la renomm\u00e9e de la r\u00e9gion, Loire Evenement con\u00e7oit des \u00e9v\u00e9nements sur mesure, pens\u00e9s pour f\u00e9d\u00e9rer les \u00e9quipes, renforcer les liens et fid\u00e9liser clients et collaborateurs.<\/p>\t\t\t\t\t\t\t\t<\/div>\n\t\t\t\t<\/div>\n\t\t<div class=\"elementor-element elementor-element-34afd9d e-con-full e-flex e-con e-child\" data-id=\"34afd9d\" data-element_type=\"container\" data-e-type=\"container\">\n\t\t\t\t<div class=\"elementor-element elementor-element-0e69a3c elementor-widget elementor-widget-text-editor\" data-id=\"0e69a3c\" data-element_type=\"widget\" data-e-type=\"widget\" data-widget_type=\"text-editor.default\">\n\t\t\t\t\t\t\t\t\t<p>NOTRE RECETTE<\/p>\t\t\t\t\t\t\t\t<\/div>\n\t\t\t\t<div class=\"elementor-element elementor-element-19933b3 elementor-view-default elementor-widget elementor-widget-icon\" data-id=\"19933b3\" data-element_type=\"widget\" data-e-type=\"widget\" data-widget_type=\"icon.default\">\n\t\t\t\t\t\t\t<div class=\"elementor-icon-wrapper\">\n\t\t\t<div class=\"elementor-icon\">\n\t\t\t<svg aria-hidden=\"true\" class=\"e-font-icon-svg e-fas-star\" viewBox=\"0 0 576 512\" xmlns=\"http:\/\/www.w3.org\/2000\/svg\"><path d=\"M259.3 17.8L194 150.2 47.9 171.5c-26.2 3.8-36.7 36.1-17.7 54.6l105.7 103-25 145.5c-4.5 26.3 23.2 46 46.4 33.7L288 439.6l130.7 68.7c23.2 12.2 50.9-7.4 46.4-33.7l-25-145.5 105.7-103c19-18.5 8.5-50.8-17.7-54.6L382 150.2 316.7 17.8c-11.7-23.6-45.6-23.9-57.4 0z\"><\/path><\/svg>\t\t\t<\/div>\n\t\t<\/div>\n\t\t\t\t\t\t<\/div>\n\t\t\t\t<div class=\"elementor-element elementor-element-afbc64b elementor-widget elementor-widget-text-editor\" data-id=\"afbc64b\" data-element_type=\"widget\" data-e-type=\"widget\" data-widget_type=\"text-editor.default\">\n\t\t\t\t\t\t\t\t\t<p>Loire Evenement simplifie l\u2019organisation de vos \u00e9v\u00e9nements professionnels gr\u00e2ce \u00e0 un accompagnement personnalis\u00e9 et une coordination sans faille.<\/p><p>Un interlocuteur unique pilote chaque projet, assurant une communication claire et directe, sans perte d\u2019information. L\u2019agence prend le temps de comprendre vos enjeux et construit des r\u00e9ponses sur mesure, en phase avec vos objectifs.<\/p><p>Son expertise du territoire et son r\u00e9seau de partenaires tri\u00e9s sur le volet garantissent des prestations de qualit\u00e9, coh\u00e9rentes et ma\u00eetris\u00e9es, dans des lieux qui valorisent votre image.<\/p>\t\t\t\t\t\t\t\t<\/div>\n\t\t\t\t<\/div>\n\t\t<div class=\"elementor-element elementor-element-0152e7d e-con-full e-flex e-con e-child\" data-id=\"0152e7d\" data-element_type=\"container\" data-e-type=\"container\">\n\t\t\t\t<div class=\"elementor-element elementor-element-b5bb9a4 elementor-widget elementor-widget-text-editor\" data-id=\"b5bb9a4\" data-element_type=\"widget\" data-e-type=\"widget\" data-widget_type=\"text-editor.default\">\n\t\t\t\t\t\t\t\t\t<p>NOTRE DIFFERENCE<\/p>\t\t\t\t\t\t\t\t<\/div>\n\t\t\t\t<div class=\"elementor-element elementor-element-afe06b6 elementor-view-default elementor-widget elementor-widget-icon\" data-id=\"afe06b6\" data-element_type=\"widget\" data-e-type=\"widget\" data-widget_type=\"icon.default\">\n\t\t\t\t\t\t\t<div class=\"elementor-icon-wrapper\">\n\t\t\t<div class=\"elementor-icon\">\n\t\t\t<svg aria-hidden=\"true\" class=\"e-font-icon-svg e-fas-star\" viewBox=\"0 0 576 512\" xmlns=\"http:\/\/www.w3.org\/2000\/svg\"><path d=\"M259.3 17.8L194 150.2 47.9 171.5c-26.2 3.8-36.7 36.1-17.7 54.6l105.7 103-25 145.5c-4.5 26.3 23.2 46 46.4 33.7L288 439.6l130.7 68.7c23.2 12.2 50.9-7.4 46.4-33.7l-25-145.5 105.7-103c19-18.5 8.5-50.8-17.7-54.6L382 150.2 316.7 17.8c-11.7-23.6-45.6-23.9-57.4 0z\"><\/path><\/svg>\t\t\t<\/div>\n\t\t<\/div>\n\t\t\t\t\t\t<\/div>\n\t\t\t\t<div class=\"elementor-element elementor-element-a4d4395 elementor-widget elementor-widget-text-editor\" data-id=\"a4d4395\" data-element_type=\"widget\" data-e-type=\"widget\" data-widget_type=\"text-editor.default\">\n\t\t\t\t\t\t\t\t\t<p>Loire Evenement, c\u2019est l\u2019art de cr\u00e9er des instants qui marquent.  \nAnim\u00e9e par une \u00e9quipe jeune et passionn\u00e9e, l\u2019agence transforme chaque \u00e9v\u00e9nement en exp\u00e9rience, en misant sur des lieux qui ont du caract\u00e8re et du sens.<\/p><p>Comit\u00e9 de direction, accueil de clients, soir\u00e9e de gala : chaque rencontre devient un moment fort, pens\u00e9 pour inspirer et rassembler.<\/p><p>C\u00f4t\u00e9 budget, c\u2019est vous qui choisissez.  \nFormules \u00e0 la carte ou tout inclus, Loire Evenement s\u2019adapte \u00e0 vos priorit\u00e9s sans compromis sur la qualit\u00e9.<\/p>\t\t\t\t\t\t\t\t<\/div>\n\t\t\t\t<\/div>\n\t\t\t\t\t<\/div>\n\t\t\t\t<\/div>\n\t\t<div class=\"elementor-element elementor-element-07f6175 e-flex e-con-boxed e-con e-parent\" data-id=\"07f6175\" data-element_type=\"container\" data-e-type=\"container\">\n\t\t\t\t\t<div class=\"e-con-inner\">\n\t\t\t\t<div class=\"elementor-element elementor-element-5f6116e elementor-widget elementor-widget-spacer\" data-id=\"5f6116e\" data-element_type=\"widget\" data-e-type=\"widget\" data-widget_type=\"spacer.default\">\n\t\t\t\t\t\t\t<div class=\"elementor-spacer\">\n\t\t\t<div class=\"elementor-spacer-inner\"><\/div>\n\t\t<\/div>\n\t\t\t\t\t\t<\/div>\n\t\t\t\t<div class=\"elementor-element elementor-element-56478e5 elementor-widget elementor-widget-heading\" data-id=\"56478e5\" data-element_type=\"widget\" data-e-type=\"widget\" data-widget_type=\"heading.default\">\n\t\t\t\t\t<h2 class=\"elementor-heading-title elementor-size-default\">Notre \u00e9quipe<\/h2>\t\t\t\t<\/div>\n\t\t\t\t\t<\/div>\n\t\t\t\t<\/div>\n\t\t<div class=\"elementor-element elementor-element-5240cef e-flex e-con-boxed e-con e-parent\" data-id=\"5240cef\" data-element_type=\"container\" data-e-type=\"container\">\n\t\t\t\t\t<div class=\"e-con-inner\">\n\t\t<div class=\"elementor-element elementor-element-924c18f e-con-full e-flex e-con e-child\" data-id=\"924c18f\" data-element_type=\"container\" data-e-type=\"container\">\n\t\t\t\t<div class=\"elementor-element elementor-element-6e2cb45 elementor-widget elementor-widget-image\" data-id=\"6e2cb45\" data-element_type=\"widget\" data-e-type=\"widget\" data-widget_type=\"image.default\">\n\t\t\t\t\t\t\t\t\t\t\t\t\t\t\t<img decoding=\"async\" src=\"https:\/\/justine-terrien.ipac-angers.yt\/wp-content\/plugins\/elementor\/assets\/images\/placeholder.png\" title=\"\" alt=\"\" loading=\"lazy\" \/>\t\t\t\t\t\t\t\t\t\t\t\t\t\t\t<\/div>\n\t\t\t\t<\/div>\n\t\t<div class=\"elementor-element elementor-element-39fd23f e-con-full e-flex e-con e-child\" data-id=\"39fd23f\" data-element_type=\"container\" data-e-type=\"container\">\n\t\t\t\t<div class=\"elementor-element elementor-element-2b7a737 elementor-widget elementor-widget-image\" data-id=\"2b7a737\" data-element_type=\"widget\" data-e-type=\"widget\" data-widget_type=\"image.default\">\n\t\t\t\t\t\t\t\t\t\t\t\t\t\t\t<img decoding=\"async\" src=\"https:\/\/justine-terrien.ipac-angers.yt\/wp-content\/plugins\/elementor\/assets\/images\/placeholder.png\" title=\"\" alt=\"\" loading=\"lazy\" \/>\t\t\t\t\t\t\t\t\t\t\t\t\t\t\t<\/div>\n\t\t\t\t<\/div>\n\t\t<div class=\"elementor-element elementor-element-c040f2d e-con-full e-flex e-con e-child\" data-id=\"c040f2d\" data-element_type=\"container\" data-e-type=\"container\">\n\t\t\t\t<div class=\"elementor-element elementor-element-c64e718 elementor-widget elementor-widget-image\" data-id=\"c64e718\" data-element_type=\"widget\" data-e-type=\"widget\" data-widget_type=\"image.default\">\n\t\t\t\t\t\t\t\t\t\t\t\t\t\t\t<img decoding=\"async\" src=\"https:\/\/justine-terrien.ipac-angers.yt\/wp-content\/plugins\/elementor\/assets\/images\/placeholder.png\" title=\"\" alt=\"\" loading=\"lazy\" \/>\t\t\t\t\t\t\t\t\t\t\t\t\t\t\t<\/div>\n\t\t\t\t<\/div>\n\t\t\t\t\t<\/div>\n\t\t\t\t<\/div>\n\t\t<div class=\"elementor-element elementor-element-66d979a e-flex e-con-boxed e-con e-parent\" data-id=\"66d979a\" data-element_type=\"container\" data-e-type=\"container\">\n\t\t\t\t\t<div class=\"e-con-inner\">\n\t\t<div class=\"elementor-element elementor-element-a7148a0 e-con-full e-flex e-con e-child\" data-id=\"a7148a0\" data-element_type=\"container\" data-e-type=\"container\">\n\t\t\t\t<div class=\"elementor-element elementor-element-07f9b1f elementor-widget elementor-widget-heading\" data-id=\"07f9b1f\" data-element_type=\"widget\" data-e-type=\"widget\" data-widget_type=\"heading.default\">\n\t\t\t\t\t<span class=\"elementor-heading-title elementor-size-default\">Justine Rabouan<\/span>\t\t\t\t<\/div>\n\t\t\t\t<div class=\"elementor-element elementor-element-ab59906 elementor-widget elementor-widget-text-editor\" data-id=\"ab59906\" data-element_type=\"widget\" data-e-type=\"widget\" data-widget_type=\"text-editor.default\">\n\t\t\t\t\t\t\t\t\t<p>Responsable commercial<\/p>\t\t\t\t\t\t\t\t<\/div>\n\t\t\t\t<\/div>\n\t\t<div class=\"elementor-element elementor-element-2b5c47d e-con-full e-flex e-con e-child\" data-id=\"2b5c47d\" data-element_type=\"container\" data-e-type=\"container\">\n\t\t\t\t<div class=\"elementor-element elementor-element-1ea148d elementor-widget elementor-widget-heading\" data-id=\"1ea148d\" data-element_type=\"widget\" data-e-type=\"widget\" data-widget_type=\"heading.default\">\n\t\t\t\t\t<span class=\"elementor-heading-title elementor-size-default\">Agathe Terrien-Rollo<\/span>\t\t\t\t<\/div>\n\t\t\t\t<div class=\"elementor-element elementor-element-60a6df5 elementor-widget elementor-widget-text-editor\" data-id=\"60a6df5\" data-element_type=\"widget\" data-e-type=\"widget\" data-widget_type=\"text-editor.default\">\n\t\t\t\t\t\t\t\t\t<p>Charg\u00e9e de communication<\/p>\t\t\t\t\t\t\t\t<\/div>\n\t\t\t\t<\/div>\n\t\t<div class=\"elementor-element elementor-element-169a193 e-con-full e-flex e-con e-child\" data-id=\"169a193\" data-element_type=\"container\" data-e-type=\"container\">\n\t\t\t\t<div class=\"elementor-element elementor-element-1767e8f elementor-widget elementor-widget-heading\" data-id=\"1767e8f\" data-element_type=\"widget\" data-e-type=\"widget\" data-widget_type=\"heading.default\">\n\t\t\t\t\t<span class=\"elementor-heading-title elementor-size-default\">Justine Terrien<\/span>\t\t\t\t<\/div>\n\t\t\t\t<div class=\"elementor-element elementor-element-dcc8622 elementor-widget elementor-widget-text-editor\" data-id=\"dcc8622\" data-element_type=\"widget\" data-e-type=\"widget\" data-widget_type=\"text-editor.default\">\n\t\t\t\t\t\t\t\t\t<p>Cheffe de projet \u00e9v\u00e9nementiel<\/p>\t\t\t\t\t\t\t\t<\/div>\n\t\t\t\t<\/div>\n\t\t\t\t\t<\/div>\n\t\t\t\t<\/div>\n\t\t<div class=\"elementor-element elementor-element-f140369 e-flex e-con-boxed e-con e-parent\" data-id=\"f140369\" data-element_type=\"container\" data-e-type=\"container\">\n\t\t\t\t\t<div class=\"e-con-inner\">\n\t\t\t\t<div class=\"elementor-element elementor-element-a6755ae elementor-widget elementor-widget-text-editor\" data-id=\"a6755ae\" data-element_type=\"widget\" data-e-type=\"widget\" data-widget_type=\"text-editor.default\">\n\t\t\t\t\t\t\t\t\t<p>Des esprits audacieux et passionn\u00e9s, pr\u00eats \u00e0 vous faire vivre des instants <b>authentiques<\/b>, <b>inspirants<\/b> et <b>porteurs de sens<\/b>. Plus qu\u2019une simple exp\u00e9rience, c\u2019est une <b>aventure humaine<\/b> que nous vous proposons.<\/p>\t\t\t\t\t\t\t\t<\/div>\n\t\t\t\t<div class=\"elementor-element elementor-element-dd2b32b elementor-widget elementor-widget-spacer\" data-id=\"dd2b32b\" data-element_type=\"widget\" data-e-type=\"widget\" data-widget_type=\"spacer.default\">\n\t\t\t\t\t\t\t<div class=\"elementor-spacer\">\n\t\t\t<div class=\"elementor-spacer-inner\"><\/div>\n\t\t<\/div>\n\t\t\t\t\t\t<\/div>\n\t\t\t\t\t<\/div>\n\t\t\t\t<\/div>\n\t\t<div class=\"elementor-element elementor-element-8c9803f e-flex e-con-boxed e-con e-parent\" data-id=\"8c9803f\" data-element_type=\"container\" data-e-type=\"container\" data-settings=\"{&quot;background_background&quot;:&quot;classic&quot;}\">\n\t\t\t\t\t<div class=\"e-con-inner\">\n\t\t<div class=\"elementor-element elementor-element-7af2e26 e-con-full e-flex e-con e-child\" data-id=\"7af2e26\" data-element_type=\"container\" data-e-type=\"container\">\n\t\t\t\t<div class=\"elementor-element elementor-element-21f31bc elementor-widget-divider--view-line elementor-widget elementor-widget-divider\" data-id=\"21f31bc\" data-element_type=\"widget\" data-e-type=\"widget\" data-widget_type=\"divider.default\">\n\t\t\t\t\t\t\t<div class=\"elementor-divider\">\n\t\t\t<span class=\"elementor-divider-separator\">\n\t\t\t\t\t\t<\/span>\n\t\t<\/div>\n\t\t\t\t\t\t<\/div>\n\t\t\t\t<\/div>\n\t\t<div class=\"elementor-element elementor-element-d0bdf64 e-con-full e-flex e-con e-child\" data-id=\"d0bdf64\" data-element_type=\"container\" data-e-type=\"container\">\n\t\t\t\t<div class=\"elementor-element elementor-element-ad9f90c elementor-widget elementor-widget-text-editor\" data-id=\"ad9f90c\" data-element_type=\"widget\" data-e-type=\"widget\" data-widget_type=\"text-editor.default\">\n\t\t\t\t\t\t\t\t\t<p><b>Maintenant que vous connaissez l&rsquo;\u00e9quipe, parlons de vous et de vos projets !<\/b><\/p>\t\t\t\t\t\t\t\t<\/div>\n\t\t\t\t<\/div>\n\t\t<div class=\"elementor-element elementor-element-6293c19 e-con-full e-flex e-con e-child\" data-id=\"6293c19\" data-element_type=\"container\" data-e-type=\"container\">\n\t\t\t\t<div class=\"elementor-element elementor-element-4548544 elementor-widget-divider--view-line elementor-widget elementor-widget-divider\" data-id=\"4548544\" data-element_type=\"widget\" data-e-type=\"widget\" data-widget_type=\"divider.default\">\n\t\t\t\t\t\t\t<div class=\"elementor-divider\">\n\t\t\t<span class=\"elementor-divider-separator\">\n\t\t\t\t\t\t<\/span>\n\t\t<\/div>\n\t\t\t\t\t\t<\/div>\n\t\t\t\t<\/div>\n\t\t\t\t\t<\/div>\n\t\t\t\t<\/div>\n\t\t<div class=\"elementor-element elementor-element-990fb5d e-flex e-con-boxed e-con e-parent\" data-id=\"990fb5d\" data-element_type=\"container\" data-e-type=\"container\">\n\t\t\t\t\t<div class=\"e-con-inner\">\n\t\t<div class=\"elementor-element elementor-element-94aec30 e-con-full e-flex e-con e-child\" data-id=\"94aec30\" data-element_type=\"container\" data-e-type=\"container\" data-settings=\"{&quot;background_background&quot;:&quot;classic&quot;}\">\n\t\t\t\t<div class=\"elementor-element elementor-element-5263261 elementor-view-default elementor-widget elementor-widget-icon\" data-id=\"5263261\" data-element_type=\"widget\" data-e-type=\"widget\" data-widget_type=\"icon.default\">\n\t\t\t\t\t\t\t<div class=\"elementor-icon-wrapper\">\n\t\t\t<div class=\"elementor-icon\">\n\t\t\t<svg aria-hidden=\"true\" class=\"e-font-icon-svg e-fas-phone-alt\" viewBox=\"0 0 512 512\" xmlns=\"http:\/\/www.w3.org\/2000\/svg\"><path d=\"M497.39 361.8l-112-48a24 24 0 0 0-28 6.9l-49.6 60.6A370.66 370.66 0 0 1 130.6 204.11l60.6-49.6a23.94 23.94 0 0 0 6.9-28l-48-112A24.16 24.16 0 0 0 122.6.61l-104 24A24 24 0 0 0 0 48c0 256.5 207.9 464 464 464a24 24 0 0 0 23.4-18.6l24-104a24.29 24.29 0 0 0-14.01-27.6z\"><\/path><\/svg>\t\t\t<\/div>\n\t\t<\/div>\n\t\t\t\t\t\t<\/div>\n\t\t\t\t<div class=\"elementor-element elementor-element-70c4b71 elementor-widget elementor-widget-text-editor\" data-id=\"70c4b71\" data-element_type=\"widget\" data-e-type=\"widget\" data-widget_type=\"text-editor.default\">\n\t\t\t\t\t\t\t\t\t<p><b>Envie d&rsquo;\u00e9changer par t\u00e9l\u00e9phone ?\u00a0<\/b><\/p><p>02 41 92 95 77<\/p>\t\t\t\t\t\t\t\t<\/div>\n\t\t\t\t<\/div>\n\t\t<div class=\"elementor-element elementor-element-776aacf e-con-full e-flex e-con e-child\" data-id=\"776aacf\" data-element_type=\"container\" data-e-type=\"container\" data-settings=\"{&quot;background_background&quot;:&quot;classic&quot;}\">\n\t\t\t\t<div class=\"elementor-element elementor-element-4be4b97 elementor-view-default elementor-widget elementor-widget-icon\" data-id=\"4be4b97\" data-element_type=\"widget\" data-e-type=\"widget\" data-widget_type=\"icon.default\">\n\t\t\t\t\t\t\t<div class=\"elementor-icon-wrapper\">\n\t\t\t<div class=\"elementor-icon\">\n\t\t\t<i aria-hidden=\"true\" class=\"icon icon-email\"><\/i>\t\t\t<\/div>\n\t\t<\/div>\n\t\t\t\t\t\t<\/div>\n\t\t\t\t<div class=\"elementor-element elementor-element-c845cc3 elementor-widget elementor-widget-text-editor\" data-id=\"c845cc3\" data-element_type=\"widget\" data-e-type=\"widget\" data-widget_type=\"text-editor.default\">\n\t\t\t\t\t\t\t\t\t<p><b>Envie d&rsquo;\u00e9changer par mail ?&nbsp;<\/b><\/p>\n<p>contact@loireevenement.com<\/p>\t\t\t\t\t\t\t\t<\/div>\n\t\t\t\t<\/div>\n\t\t\t\t\t<\/div>\n\t\t\t\t<\/div>\n\t\t<div class=\"elementor-element elementor-element-2644c6b e-flex e-con-boxed e-con e-parent\" data-id=\"2644c6b\" data-element_type=\"container\" data-e-type=\"container\">\n\t\t\t\t\t<div class=\"e-con-inner\">\n\t\t\t\t<div class=\"elementor-element elementor-element-d4d552a elementor-widget elementor-widget-spacer\" data-id=\"d4d552a\" data-element_type=\"widget\" data-e-type=\"widget\" data-widget_type=\"spacer.default\">\n\t\t\t\t\t\t\t<div class=\"elementor-spacer\">\n\t\t\t<div class=\"elementor-spacer-inner\"><\/div>\n\t\t<\/div>\n\t\t\t\t\t\t<\/div>\n\t\t\t\t\t<\/div>\n\t\t\t\t<\/div>\n\t\t\t\t<\/div>\n\t\t","protected":false},"excerpt":{"rendered":"<p>L&rsquo;agence et l&rsquo;\u00e9quipe Loire Ev\u00e8nement Pr\u00e9sentation de l&rsquo;agence Agence \u00e9v\u00e9nementielle bas\u00e9e \u00e0 Angers, Loire Evenement imagine et r\u00e9alise des \u00e9v\u00e9nements sur mesure pour les entreprises comme pour les particuliers, partout en France. Nous cr\u00e9ons vos \u00e9v\u00e9nements de A \u00e0 Z, avec passion et pr\u00e9cision. De la premi\u00e8re id\u00e9e \u00e0 la derni\u00e8re minute, notre \u00e9quipe jeune [&hellip;]<\/p>\n","protected":false},"author":2,"featured_media":0,"parent":0,"menu_order":0,"comment_status":"closed","ping_status":"closed","template":"elementor_canvas","meta":{"footnotes":""},"class_list":["post-16","page","type-page","status-publish","hentry"],"_links":{"self":[{"href":"https:\/\/justine-terrien.ipac-angers.yt\/index.php\/wp-json\/wp\/v2\/pages\/16","targetHints":{"allow":["GET"]}}],"collection":[{"href":"https:\/\/justine-terrien.ipac-angers.yt\/index.php\/wp-json\/wp\/v2\/pages"}],"about":[{"href":"https:\/\/justine-terrien.ipac-angers.yt\/index.php\/wp-json\/wp\/v2\/types\/page"}],"author":[{"embeddable":true,"href":"https:\/\/justine-terrien.ipac-angers.yt\/index.php\/wp-json\/wp\/v2\/users\/2"}],"replies":[{"embeddable":true,"href":"https:\/\/justine-terrien.ipac-angers.yt\/index.php\/wp-json\/wp\/v2\/comments?post=16"}],"version-history":[{"count":67,"href":"https:\/\/justine-terrien.ipac-angers.yt\/index.php\/wp-json\/wp\/v2\/pages\/16\/revisions"}],"predecessor-version":[{"id":478,"href":"https:\/\/justine-terrien.ipac-angers.yt\/index.php\/wp-json\/wp\/v2\/pages\/16\/revisions\/478"}],"wp:attachment":[{"href":"https:\/\/justine-terrien.ipac-angers.yt\/index.php\/wp-json\/wp\/v2\/media?parent=16"}],"curies":[{"name":"wp","href":"https:\/\/api.w.org\/{rel}","templated":true}]}}